{"id":650,"date":"2021-02-03T11:11:32","date_gmt":"2021-02-03T10:11:32","guid":{"rendered":"https:\/\/preko-shop.be\/?post_type=product&#038;p=650"},"modified":"2021-02-03T11:17:40","modified_gmt":"2021-02-03T10:17:40","slug":"pastilles-nettoyage-machine-60p","status":"publish","type":"product","link":"https:\/\/preko-shop.be\/index.php\/produit\/pastilles-nettoyage-machine-60p\/","title":{"rendered":"Pastilles Nettoyage Machine Auto (60p)"},"content":{"rendered":"<p>Pastilles de nettoyages pour machine \u00e0 caf\u00e9 <strong>automatique<\/strong>.<\/p>\n<p>Ces pastilles sont destin\u00e9es au nettoyage du groupe des machines \u00e0 caf\u00e9 automatique.<\/p>\n<p>Un nettoyage r\u00e9gulier du groupe permet d&rsquo;\u00e9viter l&rsquo;accumulation de r\u00e9sidus de caf\u00e9 dans le syst\u00e8me. Cela am\u00e9liore la qualit\u00e9 du caf\u00e9 extrait qui ne sera pas en contact avec des restes anciennes doses.<\/p>\n<p>Un groupe propre rallonge aussi l&rsquo;esp\u00e9rance de vie de la machine car le risque de bouchon est minimis\u00e9.<\/p>\n<p>&nbsp;<\/p>\n<p>&nbsp;<\/p>\n<p>&nbsp;<\/p>\n","protected":false},"excerpt":{"rendered":"<p>Pastilles de nettoyages pour machine \u00e0 caf\u00e9 automatique. Ces pastilles sont destin\u00e9es au nettoyage du groupe des machines \u00e0 caf\u00e9 automatique. Un nettoyage r\u00e9gulier du groupe permet d&rsquo;\u00e9viter l&rsquo;accumulation de r\u00e9sidus de caf\u00e9 dans le syst\u00e8me. Cela am\u00e9liore la qualit\u00e9 du caf\u00e9 extrait qui ne sera pas en contact avec des restes anciennes doses. Un [&hellip;]<\/p>\n","protected":false},"featured_media":655,"comment_status":"open","ping_status":"closed","template":"","meta":[],"product_brand":[],"product_cat":[28],"product_tag":[],"class_list":{"0":"post-650","1":"product","2":"type-product","3":"status-publish","4":"has-post-thumbnail","6":"product_cat-equipement-barista","8":"entry","9":"has-media","11":"first","12":"instock","13":"taxable","14":"shipping-taxable","15":"purchasable","16":"product-type-simple","17":"has-product-nav","18":"col","19":"span_1_of_3","20":"owp-content-center","21":"owp-thumbs-layout-horizontal","22":"owp-btn-normal","23":"owp-tabs-layout-horizontal","24":"has-no-thumbnails"},"yoast_head":"<!-- This site is optimized with the Yoast SEO plugin v27.3 - https:\/\/yoast.com\/product\/yoast-seo-wordpress\/ -->\n<title>Pastilles Nettoyage Machine Auto (60p) - Caf\u00e9s Preko<\/title>\n<meta name=\"robots\" content=\"index, follow, max-snippet:-1, max-image-preview:large, max-video-preview:-1\" \/>\n<link rel=\"canonical\" href=\"https:\/\/preko-shop.be\/index.php\/produit\/pastilles-nettoyage-machine-60p\/\" \/>\n<meta property=\"og:locale\" content=\"fr_FR\" \/>\n<meta property=\"og:type\" content=\"article\" \/>\n<meta property=\"og:title\" content=\"Pastilles Nettoyage Machine Auto (60p) - Caf\u00e9s Preko\" \/>\n<meta property=\"og:description\" content=\"Pastilles de nettoyages pour machine \u00e0 caf\u00e9 automatique. Ces pastilles sont destin\u00e9es au nettoyage du groupe des machines \u00e0 caf\u00e9 automatique. Un nettoyage r\u00e9gulier du groupe permet d&rsquo;\u00e9viter l&rsquo;accumulation de r\u00e9sidus de caf\u00e9 dans le syst\u00e8me. Cela am\u00e9liore la qualit\u00e9 du caf\u00e9 extrait qui ne sera pas en contact avec des restes anciennes doses. Un [&hellip;]\" \/>\n<meta property=\"og:url\" content=\"https:\/\/preko-shop.be\/index.php\/produit\/pastilles-nettoyage-machine-60p\/\" \/>\n<meta property=\"og:site_name\" content=\"Caf\u00e9s Preko\" \/>\n<meta property=\"article:publisher\" content=\"https:\/\/www.facebook.com\/CafesPreko\" \/>\n<meta property=\"article:modified_time\" content=\"2021-02-03T10:17:40+00:00\" \/>\n<meta property=\"og:image\" content=\"https:\/\/preko-shop.be\/wp-content\/uploads\/2021\/02\/IMG_20210203_103206-01-scaled.jpeg\" \/>\n\t<meta property=\"og:image:width\" content=\"2560\" \/>\n\t<meta property=\"og:image:height\" content=\"2037\" \/>\n\t<meta property=\"og:image:type\" content=\"image\/jpeg\" \/>\n<meta name=\"twitter:card\" content=\"summary_large_image\" \/>\n<script type=\"application\/ld+json\" class=\"yoast-schema-graph\">{\"@context\":\"https:\\\/\\\/schema.org\",\"@graph\":[{\"@type\":\"WebPage\",\"@id\":\"https:\\\/\\\/preko-shop.be\\\/index.php\\\/produit\\\/pastilles-nettoyage-machine-60p\\\/\",\"url\":\"https:\\\/\\\/preko-shop.be\\\/index.php\\\/produit\\\/pastilles-nettoyage-machine-60p\\\/\",\"name\":\"Pastilles Nettoyage Machine Auto (60p) - Caf\u00e9s Preko\",\"isPartOf\":{\"@id\":\"https:\\\/\\\/preko-shop.be\\\/#website\"},\"primaryImageOfPage\":{\"@id\":\"https:\\\/\\\/preko-shop.be\\\/index.php\\\/produit\\\/pastilles-nettoyage-machine-60p\\\/#primaryimage\"},\"image\":{\"@id\":\"https:\\\/\\\/preko-shop.be\\\/index.php\\\/produit\\\/pastilles-nettoyage-machine-60p\\\/#primaryimage\"},\"thumbnailUrl\":\"https:\\\/\\\/preko-shop.be\\\/wp-content\\\/uploads\\\/2021\\\/02\\\/IMG_20210203_103206-01-scaled.jpeg\",\"datePublished\":\"2021-02-03T10:11:32+00:00\",\"dateModified\":\"2021-02-03T10:17:40+00:00\",\"breadcrumb\":{\"@id\":\"https:\\\/\\\/preko-shop.be\\\/index.php\\\/produit\\\/pastilles-nettoyage-machine-60p\\\/#breadcrumb\"},\"inLanguage\":\"fr-FR\",\"potentialAction\":[{\"@type\":\"ReadAction\",\"target\":[\"https:\\\/\\\/preko-shop.be\\\/index.php\\\/produit\\\/pastilles-nettoyage-machine-60p\\\/\"]}]},{\"@type\":\"ImageObject\",\"inLanguage\":\"fr-FR\",\"@id\":\"https:\\\/\\\/preko-shop.be\\\/index.php\\\/produit\\\/pastilles-nettoyage-machine-60p\\\/#primaryimage\",\"url\":\"https:\\\/\\\/preko-shop.be\\\/wp-content\\\/uploads\\\/2021\\\/02\\\/IMG_20210203_103206-01-scaled.jpeg\",\"contentUrl\":\"https:\\\/\\\/preko-shop.be\\\/wp-content\\\/uploads\\\/2021\\\/02\\\/IMG_20210203_103206-01-scaled.jpeg\",\"width\":2560,\"height\":2037},{\"@type\":\"BreadcrumbList\",\"@id\":\"https:\\\/\\\/preko-shop.be\\\/index.php\\\/produit\\\/pastilles-nettoyage-machine-60p\\\/#breadcrumb\",\"itemListElement\":[{\"@type\":\"ListItem\",\"position\":1,\"name\":\"Accueil\",\"item\":\"https:\\\/\\\/preko-shop.be\\\/\"},{\"@type\":\"ListItem\",\"position\":2,\"name\":\"Boutique\",\"item\":\"https:\\\/\\\/preko-shop.be\\\/index.php\\\/boutique\\\/\"},{\"@type\":\"ListItem\",\"position\":3,\"name\":\"Pastilles Nettoyage Machine Auto (60p)\"}]},{\"@type\":\"WebSite\",\"@id\":\"https:\\\/\\\/preko-shop.be\\\/#website\",\"url\":\"https:\\\/\\\/preko-shop.be\\\/\",\"name\":\"Caf\u00e9s Preko - Boutique caf\u00e9 et barista\",\"description\":\"Boutique Caf\u00e9 et Barista\",\"publisher\":{\"@id\":\"https:\\\/\\\/preko-shop.be\\\/#organization\"},\"potentialAction\":[{\"@type\":\"SearchAction\",\"target\":{\"@type\":\"EntryPoint\",\"urlTemplate\":\"https:\\\/\\\/preko-shop.be\\\/?s={search_term_string}\"},\"query-input\":{\"@type\":\"PropertyValueSpecification\",\"valueRequired\":true,\"valueName\":\"search_term_string\"}}],\"inLanguage\":\"fr-FR\"},{\"@type\":\"Organization\",\"@id\":\"https:\\\/\\\/preko-shop.be\\\/#organization\",\"name\":\"Caf\u00e9s Preko\",\"url\":\"https:\\\/\\\/preko-shop.be\\\/\",\"logo\":{\"@type\":\"ImageObject\",\"inLanguage\":\"fr-FR\",\"@id\":\"https:\\\/\\\/preko-shop.be\\\/#\\\/schema\\\/logo\\\/image\\\/\",\"url\":\"https:\\\/\\\/preko-shop.be\\\/wp-content\\\/uploads\\\/2020\\\/03\\\/cropped-logo_preko_0-5.png\",\"contentUrl\":\"https:\\\/\\\/preko-shop.be\\\/wp-content\\\/uploads\\\/2020\\\/03\\\/cropped-logo_preko_0-5.png\",\"width\":842,\"height\":232,\"caption\":\"Caf\u00e9s Preko\"},\"image\":{\"@id\":\"https:\\\/\\\/preko-shop.be\\\/#\\\/schema\\\/logo\\\/image\\\/\"},\"sameAs\":[\"https:\\\/\\\/www.facebook.com\\\/CafesPreko\",\"https:\\\/\\\/www.instagram.com\\\/cafespreko\\\/?hl=fr\"]}]}<\/script>\n<!-- \/ Yoast SEO plugin. -->","yoast_head_json":{"title":"Pastilles Nettoyage Machine Auto (60p) - Caf\u00e9s Preko","robots":{"index":"index","follow":"follow","max-snippet":"max-snippet:-1","max-image-preview":"max-image-preview:large","max-video-preview":"max-video-preview:-1"},"canonical":"https:\/\/preko-shop.be\/index.php\/produit\/pastilles-nettoyage-machine-60p\/","og_locale":"fr_FR","og_type":"article","og_title":"Pastilles Nettoyage Machine Auto (60p) - Caf\u00e9s Preko","og_description":"Pastilles de nettoyages pour machine \u00e0 caf\u00e9 automatique. Ces pastilles sont destin\u00e9es au nettoyage du groupe des machines \u00e0 caf\u00e9 automatique. Un nettoyage r\u00e9gulier du groupe permet d&rsquo;\u00e9viter l&rsquo;accumulation de r\u00e9sidus de caf\u00e9 dans le syst\u00e8me. Cela am\u00e9liore la qualit\u00e9 du caf\u00e9 extrait qui ne sera pas en contact avec des restes anciennes doses. Un [&hellip;]","og_url":"https:\/\/preko-shop.be\/index.php\/produit\/pastilles-nettoyage-machine-60p\/","og_site_name":"Caf\u00e9s Preko","article_publisher":"https:\/\/www.facebook.com\/CafesPreko","article_modified_time":"2021-02-03T10:17:40+00:00","og_image":[{"width":2560,"height":2037,"url":"https:\/\/preko-shop.be\/wp-content\/uploads\/2021\/02\/IMG_20210203_103206-01-scaled.jpeg","type":"image\/jpeg"}],"twitter_card":"summary_large_image","schema":{"@context":"https:\/\/schema.org","@graph":[{"@type":"WebPage","@id":"https:\/\/preko-shop.be\/index.php\/produit\/pastilles-nettoyage-machine-60p\/","url":"https:\/\/preko-shop.be\/index.php\/produit\/pastilles-nettoyage-machine-60p\/","name":"Pastilles Nettoyage Machine Auto (60p) - Caf\u00e9s Preko","isPartOf":{"@id":"https:\/\/preko-shop.be\/#website"},"primaryImageOfPage":{"@id":"https:\/\/preko-shop.be\/index.php\/produit\/pastilles-nettoyage-machine-60p\/#primaryimage"},"image":{"@id":"https:\/\/preko-shop.be\/index.php\/produit\/pastilles-nettoyage-machine-60p\/#primaryimage"},"thumbnailUrl":"https:\/\/preko-shop.be\/wp-content\/uploads\/2021\/02\/IMG_20210203_103206-01-scaled.jpeg","datePublished":"2021-02-03T10:11:32+00:00","dateModified":"2021-02-03T10:17:40+00:00","breadcrumb":{"@id":"https:\/\/preko-shop.be\/index.php\/produit\/pastilles-nettoyage-machine-60p\/#breadcrumb"},"inLanguage":"fr-FR","potentialAction":[{"@type":"ReadAction","target":["https:\/\/preko-shop.be\/index.php\/produit\/pastilles-nettoyage-machine-60p\/"]}]},{"@type":"ImageObject","inLanguage":"fr-FR","@id":"https:\/\/preko-shop.be\/index.php\/produit\/pastilles-nettoyage-machine-60p\/#primaryimage","url":"https:\/\/preko-shop.be\/wp-content\/uploads\/2021\/02\/IMG_20210203_103206-01-scaled.jpeg","contentUrl":"https:\/\/preko-shop.be\/wp-content\/uploads\/2021\/02\/IMG_20210203_103206-01-scaled.jpeg","width":2560,"height":2037},{"@type":"BreadcrumbList","@id":"https:\/\/preko-shop.be\/index.php\/produit\/pastilles-nettoyage-machine-60p\/#breadcrumb","itemListElement":[{"@type":"ListItem","position":1,"name":"Accueil","item":"https:\/\/preko-shop.be\/"},{"@type":"ListItem","position":2,"name":"Boutique","item":"https:\/\/preko-shop.be\/index.php\/boutique\/"},{"@type":"ListItem","position":3,"name":"Pastilles Nettoyage Machine Auto (60p)"}]},{"@type":"WebSite","@id":"https:\/\/preko-shop.be\/#website","url":"https:\/\/preko-shop.be\/","name":"Caf\u00e9s Preko - Boutique caf\u00e9 et barista","description":"Boutique Caf\u00e9 et Barista","publisher":{"@id":"https:\/\/preko-shop.be\/#organization"},"potentialAction":[{"@type":"SearchAction","target":{"@type":"EntryPoint","urlTemplate":"https:\/\/preko-shop.be\/?s={search_term_string}"},"query-input":{"@type":"PropertyValueSpecification","valueRequired":true,"valueName":"search_term_string"}}],"inLanguage":"fr-FR"},{"@type":"Organization","@id":"https:\/\/preko-shop.be\/#organization","name":"Caf\u00e9s Preko","url":"https:\/\/preko-shop.be\/","logo":{"@type":"ImageObject","inLanguage":"fr-FR","@id":"https:\/\/preko-shop.be\/#\/schema\/logo\/image\/","url":"https:\/\/preko-shop.be\/wp-content\/uploads\/2020\/03\/cropped-logo_preko_0-5.png","contentUrl":"https:\/\/preko-shop.be\/wp-content\/uploads\/2020\/03\/cropped-logo_preko_0-5.png","width":842,"height":232,"caption":"Caf\u00e9s Preko"},"image":{"@id":"https:\/\/preko-shop.be\/#\/schema\/logo\/image\/"},"sameAs":["https:\/\/www.facebook.com\/CafesPreko","https:\/\/www.instagram.com\/cafespreko\/?hl=fr"]}]}},"_links":{"self":[{"href":"https:\/\/preko-shop.be\/index.php\/wp-json\/wp\/v2\/product\/650","targetHints":{"allow":["GET"]}}],"collection":[{"href":"https:\/\/preko-shop.be\/index.php\/wp-json\/wp\/v2\/product"}],"about":[{"href":"https:\/\/preko-shop.be\/index.php\/wp-json\/wp\/v2\/types\/product"}],"replies":[{"embeddable":true,"href":"https:\/\/preko-shop.be\/index.php\/wp-json\/wp\/v2\/comments?post=650"}],"wp:featuredmedia":[{"embeddable":true,"href":"https:\/\/preko-shop.be\/index.php\/wp-json\/wp\/v2\/media\/655"}],"wp:attachment":[{"href":"https:\/\/preko-shop.be\/index.php\/wp-json\/wp\/v2\/media?parent=650"}],"wp:term":[{"taxonomy":"product_brand","embeddable":true,"href":"https:\/\/preko-shop.be\/index.php\/wp-json\/wp\/v2\/product_brand?post=650"},{"taxonomy":"product_cat","embeddable":true,"href":"https:\/\/preko-shop.be\/index.php\/wp-json\/wp\/v2\/product_cat?post=650"},{"taxonomy":"product_tag","embeddable":true,"href":"https:\/\/preko-shop.be\/index.php\/wp-json\/wp\/v2\/product_tag?post=650"}],"curies":[{"name":"wp","href":"https:\/\/api.w.org\/{rel}","templated":true}]}}