{"id":546,"date":"2020-11-02T12:37:51","date_gmt":"2020-11-02T11:37:51","guid":{"rendered":"https:\/\/preko-shop.be\/?post_type=product&#038;p=546"},"modified":"2023-10-09T12:19:11","modified_gmt":"2023-10-09T10:19:11","slug":"pack-decouverte-grain","status":"publish","type":"product","link":"https:\/\/preko-shop.be\/index.php\/produit\/pack-decouverte-grain\/","title":{"rendered":"Pack D\u00e9couverte (Grain)"},"content":{"rendered":"<p>Ce magnifique pack, cadeau id\u00e9al pour un amateur de caf\u00e9, contient:<\/p>\n<ul>\n<li>Deux grandes origines de caf\u00e9s (2 x 500g grains)<\/li>\n<li>Quatre tasses et sous-tasses Preko Spring (qualit\u00e9 professionnelle, habituellement reserv\u00e9 \u00e0 l&rsquo;horeca)<\/li>\n<li>Sac en toile de jute (id\u00e9al pour la d\u00e9co ou le bricolage !<\/li>\n<\/ul>\n<p>Valeur du pack: 50 euros tvac<\/p>\n<p>Le colis qui vous est envoy\u00e9 peut \u00eatre directement utilis\u00e9 comme cadeau. Tout y est soigneusement dispos\u00e9 \u00e0 l&rsquo;int\u00e9rieur. Il ne vous reste qu&rsquo;\u00e0 l&#8217;emballer avec votre plus beau papier d&#8217;emballage \ud83d\ude42<\/p>\n<p>&nbsp;<\/p>\n","protected":false},"excerpt":{"rendered":"<p>Ce magnifique pack, cadeau id\u00e9al pour un amateur de caf\u00e9, contient: Deux grandes origines de caf\u00e9s (2 x 500g grains) Quatre tasses et sous-tasses Preko Spring (qualit\u00e9 professionnelle, habituellement reserv\u00e9 \u00e0 l&rsquo;horeca) Sac en toile de jute (id\u00e9al pour la d\u00e9co ou le bricolage ! Valeur du pack: 50 euros tvac Le colis qui vous [&hellip;]<\/p>\n","protected":false},"featured_media":566,"comment_status":"open","ping_status":"closed","template":"","meta":[],"product_brand":[],"product_cat":[29,18,21,22],"product_tag":[],"class_list":{"0":"post-546","1":"product","2":"type-product","3":"status-publish","4":"has-post-thumbnail","6":"product_cat-cadeaux","7":"product_cat-grain","8":"product_cat-nouveautes","9":"product_cat-promos","11":"entry","12":"has-media","14":"first","15":"instock","16":"sale","17":"taxable","18":"shipping-taxable","19":"purchasable","20":"product-type-simple","21":"has-product-nav","22":"col","23":"span_1_of_3","24":"owp-content-center","25":"owp-thumbs-layout-horizontal","26":"owp-btn-normal","27":"owp-tabs-layout-horizontal","28":"has-no-thumbnails"},"yoast_head":"<!-- This site is optimized with the Yoast SEO plugin v27.3 - https:\/\/yoast.com\/product\/yoast-seo-wordpress\/ -->\n<title>Pack D\u00e9couverte (Grain) - Caf\u00e9s Preko<\/title>\n<meta name=\"robots\" content=\"index, follow, max-snippet:-1, max-image-preview:large, max-video-preview:-1\" \/>\n<link rel=\"canonical\" href=\"https:\/\/preko-shop.be\/index.php\/produit\/pack-decouverte-grain\/\" \/>\n<meta property=\"og:locale\" content=\"fr_FR\" \/>\n<meta property=\"og:type\" content=\"article\" \/>\n<meta property=\"og:title\" content=\"Pack D\u00e9couverte (Grain) - Caf\u00e9s Preko\" \/>\n<meta property=\"og:description\" content=\"Ce magnifique pack, cadeau id\u00e9al pour un amateur de caf\u00e9, contient: Deux grandes origines de caf\u00e9s (2 x 500g grains) Quatre tasses et sous-tasses Preko Spring (qualit\u00e9 professionnelle, habituellement reserv\u00e9 \u00e0 l&rsquo;horeca) Sac en toile de jute (id\u00e9al pour la d\u00e9co ou le bricolage ! Valeur du pack: 50 euros tvac Le colis qui vous [&hellip;]\" \/>\n<meta property=\"og:url\" content=\"https:\/\/preko-shop.be\/index.php\/produit\/pack-decouverte-grain\/\" \/>\n<meta property=\"og:site_name\" content=\"Caf\u00e9s Preko\" \/>\n<meta property=\"article:publisher\" content=\"https:\/\/www.facebook.com\/CafesPreko\" \/>\n<meta property=\"article:modified_time\" content=\"2023-10-09T10:19:11+00:00\" \/>\n<meta property=\"og:image\" content=\"https:\/\/preko-shop.be\/wp-content\/uploads\/2020\/11\/degustation-GRAINS-scaled.jpg\" \/>\n\t<meta property=\"og:image:width\" content=\"2560\" \/>\n\t<meta property=\"og:image:height\" content=\"2136\" \/>\n\t<meta property=\"og:image:type\" content=\"image\/jpeg\" \/>\n<meta name=\"twitter:card\" content=\"summary_large_image\" \/>\n<script type=\"application\/ld+json\" class=\"yoast-schema-graph\">{\"@context\":\"https:\\\/\\\/schema.org\",\"@graph\":[{\"@type\":\"WebPage\",\"@id\":\"https:\\\/\\\/preko-shop.be\\\/index.php\\\/produit\\\/pack-decouverte-grain\\\/\",\"url\":\"https:\\\/\\\/preko-shop.be\\\/index.php\\\/produit\\\/pack-decouverte-grain\\\/\",\"name\":\"Pack D\u00e9couverte (Grain) - Caf\u00e9s Preko\",\"isPartOf\":{\"@id\":\"https:\\\/\\\/preko-shop.be\\\/#website\"},\"primaryImageOfPage\":{\"@id\":\"https:\\\/\\\/preko-shop.be\\\/index.php\\\/produit\\\/pack-decouverte-grain\\\/#primaryimage\"},\"image\":{\"@id\":\"https:\\\/\\\/preko-shop.be\\\/index.php\\\/produit\\\/pack-decouverte-grain\\\/#primaryimage\"},\"thumbnailUrl\":\"https:\\\/\\\/preko-shop.be\\\/wp-content\\\/uploads\\\/2020\\\/11\\\/degustation-GRAINS-scaled.jpg\",\"datePublished\":\"2020-11-02T11:37:51+00:00\",\"dateModified\":\"2023-10-09T10:19:11+00:00\",\"breadcrumb\":{\"@id\":\"https:\\\/\\\/preko-shop.be\\\/index.php\\\/produit\\\/pack-decouverte-grain\\\/#breadcrumb\"},\"inLanguage\":\"fr-FR\",\"potentialAction\":[{\"@type\":\"ReadAction\",\"target\":[\"https:\\\/\\\/preko-shop.be\\\/index.php\\\/produit\\\/pack-decouverte-grain\\\/\"]}]},{\"@type\":\"ImageObject\",\"inLanguage\":\"fr-FR\",\"@id\":\"https:\\\/\\\/preko-shop.be\\\/index.php\\\/produit\\\/pack-decouverte-grain\\\/#primaryimage\",\"url\":\"https:\\\/\\\/preko-shop.be\\\/wp-content\\\/uploads\\\/2020\\\/11\\\/degustation-GRAINS-scaled.jpg\",\"contentUrl\":\"https:\\\/\\\/preko-shop.be\\\/wp-content\\\/uploads\\\/2020\\\/11\\\/degustation-GRAINS-scaled.jpg\",\"width\":2560,\"height\":2136},{\"@type\":\"BreadcrumbList\",\"@id\":\"https:\\\/\\\/preko-shop.be\\\/index.php\\\/produit\\\/pack-decouverte-grain\\\/#breadcrumb\",\"itemListElement\":[{\"@type\":\"ListItem\",\"position\":1,\"name\":\"Accueil\",\"item\":\"https:\\\/\\\/preko-shop.be\\\/\"},{\"@type\":\"ListItem\",\"position\":2,\"name\":\"Boutique\",\"item\":\"https:\\\/\\\/preko-shop.be\\\/index.php\\\/boutique\\\/\"},{\"@type\":\"ListItem\",\"position\":3,\"name\":\"Pack D\u00e9couverte (Grain)\"}]},{\"@type\":\"WebSite\",\"@id\":\"https:\\\/\\\/preko-shop.be\\\/#website\",\"url\":\"https:\\\/\\\/preko-shop.be\\\/\",\"name\":\"Caf\u00e9s Preko - Boutique caf\u00e9 et barista\",\"description\":\"Boutique Caf\u00e9 et Barista\",\"publisher\":{\"@id\":\"https:\\\/\\\/preko-shop.be\\\/#organization\"},\"potentialAction\":[{\"@type\":\"SearchAction\",\"target\":{\"@type\":\"EntryPoint\",\"urlTemplate\":\"https:\\\/\\\/preko-shop.be\\\/?s={search_term_string}\"},\"query-input\":{\"@type\":\"PropertyValueSpecification\",\"valueRequired\":true,\"valueName\":\"search_term_string\"}}],\"inLanguage\":\"fr-FR\"},{\"@type\":\"Organization\",\"@id\":\"https:\\\/\\\/preko-shop.be\\\/#organization\",\"name\":\"Caf\u00e9s Preko\",\"url\":\"https:\\\/\\\/preko-shop.be\\\/\",\"logo\":{\"@type\":\"ImageObject\",\"inLanguage\":\"fr-FR\",\"@id\":\"https:\\\/\\\/preko-shop.be\\\/#\\\/schema\\\/logo\\\/image\\\/\",\"url\":\"https:\\\/\\\/preko-shop.be\\\/wp-content\\\/uploads\\\/2020\\\/03\\\/cropped-logo_preko_0-5.png\",\"contentUrl\":\"https:\\\/\\\/preko-shop.be\\\/wp-content\\\/uploads\\\/2020\\\/03\\\/cropped-logo_preko_0-5.png\",\"width\":842,\"height\":232,\"caption\":\"Caf\u00e9s Preko\"},\"image\":{\"@id\":\"https:\\\/\\\/preko-shop.be\\\/#\\\/schema\\\/logo\\\/image\\\/\"},\"sameAs\":[\"https:\\\/\\\/www.facebook.com\\\/CafesPreko\",\"https:\\\/\\\/www.instagram.com\\\/cafespreko\\\/?hl=fr\"]}]}<\/script>\n<!-- \/ Yoast SEO plugin. -->","yoast_head_json":{"title":"Pack D\u00e9couverte (Grain) - Caf\u00e9s Preko","robots":{"index":"index","follow":"follow","max-snippet":"max-snippet:-1","max-image-preview":"max-image-preview:large","max-video-preview":"max-video-preview:-1"},"canonical":"https:\/\/preko-shop.be\/index.php\/produit\/pack-decouverte-grain\/","og_locale":"fr_FR","og_type":"article","og_title":"Pack D\u00e9couverte (Grain) - Caf\u00e9s Preko","og_description":"Ce magnifique pack, cadeau id\u00e9al pour un amateur de caf\u00e9, contient: Deux grandes origines de caf\u00e9s (2 x 500g grains) Quatre tasses et sous-tasses Preko Spring (qualit\u00e9 professionnelle, habituellement reserv\u00e9 \u00e0 l&rsquo;horeca) Sac en toile de jute (id\u00e9al pour la d\u00e9co ou le bricolage ! Valeur du pack: 50 euros tvac Le colis qui vous [&hellip;]","og_url":"https:\/\/preko-shop.be\/index.php\/produit\/pack-decouverte-grain\/","og_site_name":"Caf\u00e9s Preko","article_publisher":"https:\/\/www.facebook.com\/CafesPreko","article_modified_time":"2023-10-09T10:19:11+00:00","og_image":[{"width":2560,"height":2136,"url":"https:\/\/preko-shop.be\/wp-content\/uploads\/2020\/11\/degustation-GRAINS-scaled.jpg","type":"image\/jpeg"}],"twitter_card":"summary_large_image","schema":{"@context":"https:\/\/schema.org","@graph":[{"@type":"WebPage","@id":"https:\/\/preko-shop.be\/index.php\/produit\/pack-decouverte-grain\/","url":"https:\/\/preko-shop.be\/index.php\/produit\/pack-decouverte-grain\/","name":"Pack D\u00e9couverte (Grain) - Caf\u00e9s Preko","isPartOf":{"@id":"https:\/\/preko-shop.be\/#website"},"primaryImageOfPage":{"@id":"https:\/\/preko-shop.be\/index.php\/produit\/pack-decouverte-grain\/#primaryimage"},"image":{"@id":"https:\/\/preko-shop.be\/index.php\/produit\/pack-decouverte-grain\/#primaryimage"},"thumbnailUrl":"https:\/\/preko-shop.be\/wp-content\/uploads\/2020\/11\/degustation-GRAINS-scaled.jpg","datePublished":"2020-11-02T11:37:51+00:00","dateModified":"2023-10-09T10:19:11+00:00","breadcrumb":{"@id":"https:\/\/preko-shop.be\/index.php\/produit\/pack-decouverte-grain\/#breadcrumb"},"inLanguage":"fr-FR","potentialAction":[{"@type":"ReadAction","target":["https:\/\/preko-shop.be\/index.php\/produit\/pack-decouverte-grain\/"]}]},{"@type":"ImageObject","inLanguage":"fr-FR","@id":"https:\/\/preko-shop.be\/index.php\/produit\/pack-decouverte-grain\/#primaryimage","url":"https:\/\/preko-shop.be\/wp-content\/uploads\/2020\/11\/degustation-GRAINS-scaled.jpg","contentUrl":"https:\/\/preko-shop.be\/wp-content\/uploads\/2020\/11\/degustation-GRAINS-scaled.jpg","width":2560,"height":2136},{"@type":"BreadcrumbList","@id":"https:\/\/preko-shop.be\/index.php\/produit\/pack-decouverte-grain\/#breadcrumb","itemListElement":[{"@type":"ListItem","position":1,"name":"Accueil","item":"https:\/\/preko-shop.be\/"},{"@type":"ListItem","position":2,"name":"Boutique","item":"https:\/\/preko-shop.be\/index.php\/boutique\/"},{"@type":"ListItem","position":3,"name":"Pack D\u00e9couverte (Grain)"}]},{"@type":"WebSite","@id":"https:\/\/preko-shop.be\/#website","url":"https:\/\/preko-shop.be\/","name":"Caf\u00e9s Preko - Boutique caf\u00e9 et barista","description":"Boutique Caf\u00e9 et Barista","publisher":{"@id":"https:\/\/preko-shop.be\/#organization"},"potentialAction":[{"@type":"SearchAction","target":{"@type":"EntryPoint","urlTemplate":"https:\/\/preko-shop.be\/?s={search_term_string}"},"query-input":{"@type":"PropertyValueSpecification","valueRequired":true,"valueName":"search_term_string"}}],"inLanguage":"fr-FR"},{"@type":"Organization","@id":"https:\/\/preko-shop.be\/#organization","name":"Caf\u00e9s Preko","url":"https:\/\/preko-shop.be\/","logo":{"@type":"ImageObject","inLanguage":"fr-FR","@id":"https:\/\/preko-shop.be\/#\/schema\/logo\/image\/","url":"https:\/\/preko-shop.be\/wp-content\/uploads\/2020\/03\/cropped-logo_preko_0-5.png","contentUrl":"https:\/\/preko-shop.be\/wp-content\/uploads\/2020\/03\/cropped-logo_preko_0-5.png","width":842,"height":232,"caption":"Caf\u00e9s Preko"},"image":{"@id":"https:\/\/preko-shop.be\/#\/schema\/logo\/image\/"},"sameAs":["https:\/\/www.facebook.com\/CafesPreko","https:\/\/www.instagram.com\/cafespreko\/?hl=fr"]}]}},"_links":{"self":[{"href":"https:\/\/preko-shop.be\/index.php\/wp-json\/wp\/v2\/product\/546","targetHints":{"allow":["GET"]}}],"collection":[{"href":"https:\/\/preko-shop.be\/index.php\/wp-json\/wp\/v2\/product"}],"about":[{"href":"https:\/\/preko-shop.be\/index.php\/wp-json\/wp\/v2\/types\/product"}],"replies":[{"embeddable":true,"href":"https:\/\/preko-shop.be\/index.php\/wp-json\/wp\/v2\/comments?post=546"}],"wp:featuredmedia":[{"embeddable":true,"href":"https:\/\/preko-shop.be\/index.php\/wp-json\/wp\/v2\/media\/566"}],"wp:attachment":[{"href":"https:\/\/preko-shop.be\/index.php\/wp-json\/wp\/v2\/media?parent=546"}],"wp:term":[{"taxonomy":"product_brand","embeddable":true,"href":"https:\/\/preko-shop.be\/index.php\/wp-json\/wp\/v2\/product_brand?post=546"},{"taxonomy":"product_cat","embeddable":true,"href":"https:\/\/preko-shop.be\/index.php\/wp-json\/wp\/v2\/product_cat?post=546"},{"taxonomy":"product_tag","embeddable":true,"href":"https:\/\/preko-shop.be\/index.php\/wp-json\/wp\/v2\/product_tag?post=546"}],"curies":[{"name":"wp","href":"https:\/\/api.w.org\/{rel}","templated":true}]}}