{"id":531,"date":"2021-01-20T11:46:27","date_gmt":"2021-01-20T10:46:27","guid":{"rendered":"https:\/\/preko-shop.be\/?post_type=product&#038;p=531"},"modified":"2024-09-02T13:31:05","modified_gmt":"2024-09-02T11:31:05","slug":"pichet-cruchet-a-lait-inox-0-6l","status":"publish","type":"product","link":"https:\/\/preko-shop.be\/index.php\/produit\/pichet-cruchet-a-lait-inox-0-6l\/","title":{"rendered":"Pichet (Cruche) \u00e0 Lait Inox 0.6L"},"content":{"rendered":"<p>Pichet \u00e0 lait inox 0.6L<\/p>\n<p>Cette cruche inox est parfaite pour faire mousser le lait pour les cappuccinos et macchiatos.<\/p>\n<p>Elle peut \u00e9videmment \u00e9galement servir pour le chocolat chaud, les irish coffee, etc<\/p>\n<p>Peut contenir une quantit\u00e9 de lait suffisante pour servir deux cappuccinos<\/p>\n","protected":false},"excerpt":{"rendered":"<p>Pichet \u00e0 lait inox 0.6L Cette cruche inox est parfaite pour faire mousser le lait pour les cappuccinos et macchiatos. Elle peut \u00e9videmment \u00e9galement servir pour le chocolat chaud, les irish coffee, etc Peut contenir une quantit\u00e9 de lait suffisante pour servir deux cappuccinos<\/p>\n","protected":false},"featured_media":637,"comment_status":"open","ping_status":"closed","template":"","meta":[],"product_brand":[],"product_cat":[28],"product_tag":[],"class_list":{"0":"post-531","1":"product","2":"type-product","3":"status-publish","4":"has-post-thumbnail","6":"product_cat-equipement-barista","8":"entry","9":"has-media","11":"first","12":"instock","13":"taxable","14":"shipping-taxable","15":"purchasable","16":"product-type-simple","17":"has-product-nav","18":"col","19":"span_1_of_3","20":"owp-content-center","21":"owp-thumbs-layout-horizontal","22":"owp-btn-normal","23":"owp-tabs-layout-horizontal","24":"has-no-thumbnails"},"yoast_head":"<!-- This site is optimized with the Yoast SEO plugin v27.3 - https:\/\/yoast.com\/product\/yoast-seo-wordpress\/ -->\n<title>Pichet (Cruche) \u00e0 Lait Inox 0.6L - Caf\u00e9s Preko<\/title>\n<meta name=\"robots\" content=\"index, follow, max-snippet:-1, max-image-preview:large, max-video-preview:-1\" \/>\n<link rel=\"canonical\" href=\"https:\/\/preko-shop.be\/index.php\/produit\/pichet-cruchet-a-lait-inox-0-6l\/\" \/>\n<meta property=\"og:locale\" content=\"fr_FR\" \/>\n<meta property=\"og:type\" content=\"article\" \/>\n<meta property=\"og:title\" content=\"Pichet (Cruche) \u00e0 Lait Inox 0.6L - Caf\u00e9s Preko\" \/>\n<meta property=\"og:description\" content=\"Pichet \u00e0 lait inox 0.6L Cette cruche inox est parfaite pour faire mousser le lait pour les cappuccinos et macchiatos. Elle peut \u00e9videmment \u00e9galement servir pour le chocolat chaud, les irish coffee, etc Peut contenir une quantit\u00e9 de lait suffisante pour servir deux cappuccinos\" \/>\n<meta property=\"og:url\" content=\"https:\/\/preko-shop.be\/index.php\/produit\/pichet-cruchet-a-lait-inox-0-6l\/\" \/>\n<meta property=\"og:site_name\" content=\"Caf\u00e9s Preko\" \/>\n<meta property=\"article:publisher\" content=\"https:\/\/www.facebook.com\/CafesPreko\" \/>\n<meta property=\"article:modified_time\" content=\"2024-09-02T11:31:05+00:00\" \/>\n<meta property=\"og:image\" content=\"https:\/\/preko-shop.be\/wp-content\/uploads\/2020\/10\/IMG_20201104_154816-01-scaled.jpeg\" \/>\n\t<meta property=\"og:image:width\" content=\"2560\" \/>\n\t<meta property=\"og:image:height\" content=\"2126\" \/>\n\t<meta property=\"og:image:type\" content=\"image\/jpeg\" \/>\n<meta name=\"twitter:card\" content=\"summary_large_image\" \/>\n<script type=\"application\/ld+json\" class=\"yoast-schema-graph\">{\"@context\":\"https:\\\/\\\/schema.org\",\"@graph\":[{\"@type\":\"WebPage\",\"@id\":\"https:\\\/\\\/preko-shop.be\\\/index.php\\\/produit\\\/pichet-cruchet-a-lait-inox-0-6l\\\/\",\"url\":\"https:\\\/\\\/preko-shop.be\\\/index.php\\\/produit\\\/pichet-cruchet-a-lait-inox-0-6l\\\/\",\"name\":\"Pichet (Cruche) \u00e0 Lait Inox 0.6L - Caf\u00e9s Preko\",\"isPartOf\":{\"@id\":\"https:\\\/\\\/preko-shop.be\\\/#website\"},\"primaryImageOfPage\":{\"@id\":\"https:\\\/\\\/preko-shop.be\\\/index.php\\\/produit\\\/pichet-cruchet-a-lait-inox-0-6l\\\/#primaryimage\"},\"image\":{\"@id\":\"https:\\\/\\\/preko-shop.be\\\/index.php\\\/produit\\\/pichet-cruchet-a-lait-inox-0-6l\\\/#primaryimage\"},\"thumbnailUrl\":\"https:\\\/\\\/preko-shop.be\\\/wp-content\\\/uploads\\\/2020\\\/10\\\/IMG_20201104_154816-01-scaled.jpeg\",\"datePublished\":\"2021-01-20T10:46:27+00:00\",\"dateModified\":\"2024-09-02T11:31:05+00:00\",\"breadcrumb\":{\"@id\":\"https:\\\/\\\/preko-shop.be\\\/index.php\\\/produit\\\/pichet-cruchet-a-lait-inox-0-6l\\\/#breadcrumb\"},\"inLanguage\":\"fr-FR\",\"potentialAction\":[{\"@type\":\"ReadAction\",\"target\":[\"https:\\\/\\\/preko-shop.be\\\/index.php\\\/produit\\\/pichet-cruchet-a-lait-inox-0-6l\\\/\"]}]},{\"@type\":\"ImageObject\",\"inLanguage\":\"fr-FR\",\"@id\":\"https:\\\/\\\/preko-shop.be\\\/index.php\\\/produit\\\/pichet-cruchet-a-lait-inox-0-6l\\\/#primaryimage\",\"url\":\"https:\\\/\\\/preko-shop.be\\\/wp-content\\\/uploads\\\/2020\\\/10\\\/IMG_20201104_154816-01-scaled.jpeg\",\"contentUrl\":\"https:\\\/\\\/preko-shop.be\\\/wp-content\\\/uploads\\\/2020\\\/10\\\/IMG_20201104_154816-01-scaled.jpeg\",\"width\":2560,\"height\":2126},{\"@type\":\"BreadcrumbList\",\"@id\":\"https:\\\/\\\/preko-shop.be\\\/index.php\\\/produit\\\/pichet-cruchet-a-lait-inox-0-6l\\\/#breadcrumb\",\"itemListElement\":[{\"@type\":\"ListItem\",\"position\":1,\"name\":\"Accueil\",\"item\":\"https:\\\/\\\/preko-shop.be\\\/\"},{\"@type\":\"ListItem\",\"position\":2,\"name\":\"Boutique\",\"item\":\"https:\\\/\\\/preko-shop.be\\\/index.php\\\/boutique\\\/\"},{\"@type\":\"ListItem\",\"position\":3,\"name\":\"Pichet (Cruche) \u00e0 Lait Inox 0.6L\"}]},{\"@type\":\"WebSite\",\"@id\":\"https:\\\/\\\/preko-shop.be\\\/#website\",\"url\":\"https:\\\/\\\/preko-shop.be\\\/\",\"name\":\"Caf\u00e9s Preko - Boutique caf\u00e9 et barista\",\"description\":\"Boutique Caf\u00e9 et Barista\",\"publisher\":{\"@id\":\"https:\\\/\\\/preko-shop.be\\\/#organization\"},\"potentialAction\":[{\"@type\":\"SearchAction\",\"target\":{\"@type\":\"EntryPoint\",\"urlTemplate\":\"https:\\\/\\\/preko-shop.be\\\/?s={search_term_string}\"},\"query-input\":{\"@type\":\"PropertyValueSpecification\",\"valueRequired\":true,\"valueName\":\"search_term_string\"}}],\"inLanguage\":\"fr-FR\"},{\"@type\":\"Organization\",\"@id\":\"https:\\\/\\\/preko-shop.be\\\/#organization\",\"name\":\"Caf\u00e9s Preko\",\"url\":\"https:\\\/\\\/preko-shop.be\\\/\",\"logo\":{\"@type\":\"ImageObject\",\"inLanguage\":\"fr-FR\",\"@id\":\"https:\\\/\\\/preko-shop.be\\\/#\\\/schema\\\/logo\\\/image\\\/\",\"url\":\"https:\\\/\\\/preko-shop.be\\\/wp-content\\\/uploads\\\/2020\\\/03\\\/cropped-logo_preko_0-5.png\",\"contentUrl\":\"https:\\\/\\\/preko-shop.be\\\/wp-content\\\/uploads\\\/2020\\\/03\\\/cropped-logo_preko_0-5.png\",\"width\":842,\"height\":232,\"caption\":\"Caf\u00e9s Preko\"},\"image\":{\"@id\":\"https:\\\/\\\/preko-shop.be\\\/#\\\/schema\\\/logo\\\/image\\\/\"},\"sameAs\":[\"https:\\\/\\\/www.facebook.com\\\/CafesPreko\",\"https:\\\/\\\/www.instagram.com\\\/cafespreko\\\/?hl=fr\"]}]}<\/script>\n<!-- \/ Yoast SEO plugin. -->","yoast_head_json":{"title":"Pichet (Cruche) \u00e0 Lait Inox 0.6L - Caf\u00e9s Preko","robots":{"index":"index","follow":"follow","max-snippet":"max-snippet:-1","max-image-preview":"max-image-preview:large","max-video-preview":"max-video-preview:-1"},"canonical":"https:\/\/preko-shop.be\/index.php\/produit\/pichet-cruchet-a-lait-inox-0-6l\/","og_locale":"fr_FR","og_type":"article","og_title":"Pichet (Cruche) \u00e0 Lait Inox 0.6L - Caf\u00e9s Preko","og_description":"Pichet \u00e0 lait inox 0.6L Cette cruche inox est parfaite pour faire mousser le lait pour les cappuccinos et macchiatos. Elle peut \u00e9videmment \u00e9galement servir pour le chocolat chaud, les irish coffee, etc Peut contenir une quantit\u00e9 de lait suffisante pour servir deux cappuccinos","og_url":"https:\/\/preko-shop.be\/index.php\/produit\/pichet-cruchet-a-lait-inox-0-6l\/","og_site_name":"Caf\u00e9s Preko","article_publisher":"https:\/\/www.facebook.com\/CafesPreko","article_modified_time":"2024-09-02T11:31:05+00:00","og_image":[{"width":2560,"height":2126,"url":"https:\/\/preko-shop.be\/wp-content\/uploads\/2020\/10\/IMG_20201104_154816-01-scaled.jpeg","type":"image\/jpeg"}],"twitter_card":"summary_large_image","schema":{"@context":"https:\/\/schema.org","@graph":[{"@type":"WebPage","@id":"https:\/\/preko-shop.be\/index.php\/produit\/pichet-cruchet-a-lait-inox-0-6l\/","url":"https:\/\/preko-shop.be\/index.php\/produit\/pichet-cruchet-a-lait-inox-0-6l\/","name":"Pichet (Cruche) \u00e0 Lait Inox 0.6L - Caf\u00e9s Preko","isPartOf":{"@id":"https:\/\/preko-shop.be\/#website"},"primaryImageOfPage":{"@id":"https:\/\/preko-shop.be\/index.php\/produit\/pichet-cruchet-a-lait-inox-0-6l\/#primaryimage"},"image":{"@id":"https:\/\/preko-shop.be\/index.php\/produit\/pichet-cruchet-a-lait-inox-0-6l\/#primaryimage"},"thumbnailUrl":"https:\/\/preko-shop.be\/wp-content\/uploads\/2020\/10\/IMG_20201104_154816-01-scaled.jpeg","datePublished":"2021-01-20T10:46:27+00:00","dateModified":"2024-09-02T11:31:05+00:00","breadcrumb":{"@id":"https:\/\/preko-shop.be\/index.php\/produit\/pichet-cruchet-a-lait-inox-0-6l\/#breadcrumb"},"inLanguage":"fr-FR","potentialAction":[{"@type":"ReadAction","target":["https:\/\/preko-shop.be\/index.php\/produit\/pichet-cruchet-a-lait-inox-0-6l\/"]}]},{"@type":"ImageObject","inLanguage":"fr-FR","@id":"https:\/\/preko-shop.be\/index.php\/produit\/pichet-cruchet-a-lait-inox-0-6l\/#primaryimage","url":"https:\/\/preko-shop.be\/wp-content\/uploads\/2020\/10\/IMG_20201104_154816-01-scaled.jpeg","contentUrl":"https:\/\/preko-shop.be\/wp-content\/uploads\/2020\/10\/IMG_20201104_154816-01-scaled.jpeg","width":2560,"height":2126},{"@type":"BreadcrumbList","@id":"https:\/\/preko-shop.be\/index.php\/produit\/pichet-cruchet-a-lait-inox-0-6l\/#breadcrumb","itemListElement":[{"@type":"ListItem","position":1,"name":"Accueil","item":"https:\/\/preko-shop.be\/"},{"@type":"ListItem","position":2,"name":"Boutique","item":"https:\/\/preko-shop.be\/index.php\/boutique\/"},{"@type":"ListItem","position":3,"name":"Pichet (Cruche) \u00e0 Lait Inox 0.6L"}]},{"@type":"WebSite","@id":"https:\/\/preko-shop.be\/#website","url":"https:\/\/preko-shop.be\/","name":"Caf\u00e9s Preko - Boutique caf\u00e9 et barista","description":"Boutique Caf\u00e9 et Barista","publisher":{"@id":"https:\/\/preko-shop.be\/#organization"},"potentialAction":[{"@type":"SearchAction","target":{"@type":"EntryPoint","urlTemplate":"https:\/\/preko-shop.be\/?s={search_term_string}"},"query-input":{"@type":"PropertyValueSpecification","valueRequired":true,"valueName":"search_term_string"}}],"inLanguage":"fr-FR"},{"@type":"Organization","@id":"https:\/\/preko-shop.be\/#organization","name":"Caf\u00e9s Preko","url":"https:\/\/preko-shop.be\/","logo":{"@type":"ImageObject","inLanguage":"fr-FR","@id":"https:\/\/preko-shop.be\/#\/schema\/logo\/image\/","url":"https:\/\/preko-shop.be\/wp-content\/uploads\/2020\/03\/cropped-logo_preko_0-5.png","contentUrl":"https:\/\/preko-shop.be\/wp-content\/uploads\/2020\/03\/cropped-logo_preko_0-5.png","width":842,"height":232,"caption":"Caf\u00e9s Preko"},"image":{"@id":"https:\/\/preko-shop.be\/#\/schema\/logo\/image\/"},"sameAs":["https:\/\/www.facebook.com\/CafesPreko","https:\/\/www.instagram.com\/cafespreko\/?hl=fr"]}]}},"_links":{"self":[{"href":"https:\/\/preko-shop.be\/index.php\/wp-json\/wp\/v2\/product\/531","targetHints":{"allow":["GET"]}}],"collection":[{"href":"https:\/\/preko-shop.be\/index.php\/wp-json\/wp\/v2\/product"}],"about":[{"href":"https:\/\/preko-shop.be\/index.php\/wp-json\/wp\/v2\/types\/product"}],"replies":[{"embeddable":true,"href":"https:\/\/preko-shop.be\/index.php\/wp-json\/wp\/v2\/comments?post=531"}],"wp:featuredmedia":[{"embeddable":true,"href":"https:\/\/preko-shop.be\/index.php\/wp-json\/wp\/v2\/media\/637"}],"wp:attachment":[{"href":"https:\/\/preko-shop.be\/index.php\/wp-json\/wp\/v2\/media?parent=531"}],"wp:term":[{"taxonomy":"product_brand","embeddable":true,"href":"https:\/\/preko-shop.be\/index.php\/wp-json\/wp\/v2\/product_brand?post=531"},{"taxonomy":"product_cat","embeddable":true,"href":"https:\/\/preko-shop.be\/index.php\/wp-json\/wp\/v2\/product_cat?post=531"},{"taxonomy":"product_tag","embeddable":true,"href":"https:\/\/preko-shop.be\/index.php\/wp-json\/wp\/v2\/product_tag?post=531"}],"curies":[{"name":"wp","href":"https:\/\/api.w.org\/{rel}","templated":true}]}}