{"id":1935,"date":"2024-05-01T12:03:57","date_gmt":"2024-05-01T10:03:57","guid":{"rendered":"https:\/\/preko-shop.be\/?post_type=product&#038;p=1935"},"modified":"2025-04-28T11:06:26","modified_gmt":"2025-04-28T09:06:26","slug":"cafe-fratelli-gambini-napoli-ristretto-grains-250-gr","status":"publish","type":"product","link":"https:\/\/preko-shop.be\/index.php\/produit\/cafe-fratelli-gambini-napoli-ristretto-grains-250-gr\/","title":{"rendered":"Caf\u00e9 Fratelli Gambini NAPOLI ristretto GRAINS 250 gr"},"content":{"rendered":"<p>GUATEMALA &#8211; INDE &#8211; BRESIL<\/p>\n<p>Arabica\/Robusta\u00a0 \u00a0<strong>GRAINS 250 gr<\/strong><\/p>\n<p>Assemblage cors\u00e9 aux ar\u00f4mes puissants<\/p>\n<p>Son amertume prononc\u00e9e et ses notes chocolat\u00e9es donnent un r\u00e9sultat unique en tasse.<\/p>\n<p>Les trois fr\u00e8res Gambini vous pr\u00e9sentent leur nouveau caf\u00e9 d&rsquo;exception.<\/p>\n<p>Torr\u00e9fi\u00e9 selon les techniques traditionnelles du pays de l&rsquo;espresso, ce savant assemblage de caf\u00e9s de grandes origines vous fera r\u00eaver de voyage en Italie.<\/p>\n","protected":false},"excerpt":{"rendered":"<p>GUATEMALA &#8211; INDE &#8211; BRESIL Arabica\/Robusta\u00a0 \u00a0GRAINS 250 gr Assemblage cors\u00e9 aux ar\u00f4mes puissants Son amertume prononc\u00e9e et ses notes chocolat\u00e9es donnent un r\u00e9sultat unique en tasse. Les trois fr\u00e8res Gambini vous pr\u00e9sentent leur nouveau caf\u00e9 d&rsquo;exception. Torr\u00e9fi\u00e9 selon les techniques traditionnelles du pays de l&rsquo;espresso, ce savant assemblage de caf\u00e9s de grandes origines vous [&hellip;]<\/p>\n","protected":false},"featured_media":1934,"comment_status":"closed","ping_status":"closed","template":"","meta":[],"product_brand":[],"product_cat":[18,21],"product_tag":[],"class_list":{"0":"post-1935","1":"product","2":"type-product","3":"status-publish","4":"has-post-thumbnail","6":"product_cat-grain","7":"product_cat-nouveautes","9":"entry","10":"has-media","12":"first","13":"instock","14":"taxable","15":"shipping-taxable","16":"purchasable","17":"product-type-simple","18":"has-product-nav","19":"col","20":"span_1_of_3","21":"owp-content-center","22":"owp-thumbs-layout-horizontal","23":"owp-btn-normal","24":"owp-tabs-layout-horizontal","25":"has-no-thumbnails"},"yoast_head":"<!-- This site is optimized with the Yoast SEO plugin v27.3 - https:\/\/yoast.com\/product\/yoast-seo-wordpress\/ -->\n<title>Caf\u00e9 Fratelli Gambini NAPOLI ristretto GRAINS 250 gr - Caf\u00e9s Preko<\/title>\n<meta name=\"robots\" content=\"index, follow, max-snippet:-1, max-image-preview:large, max-video-preview:-1\" \/>\n<link rel=\"canonical\" href=\"https:\/\/preko-shop.be\/index.php\/produit\/cafe-fratelli-gambini-napoli-ristretto-grains-250-gr\/\" \/>\n<meta property=\"og:locale\" content=\"fr_FR\" \/>\n<meta property=\"og:type\" content=\"article\" \/>\n<meta property=\"og:title\" content=\"Caf\u00e9 Fratelli Gambini NAPOLI ristretto GRAINS 250 gr - Caf\u00e9s Preko\" \/>\n<meta property=\"og:description\" content=\"GUATEMALA &#8211; INDE &#8211; BRESIL Arabica\/Robusta\u00a0 \u00a0GRAINS 250 gr Assemblage cors\u00e9 aux ar\u00f4mes puissants Son amertume prononc\u00e9e et ses notes chocolat\u00e9es donnent un r\u00e9sultat unique en tasse. Les trois fr\u00e8res Gambini vous pr\u00e9sentent leur nouveau caf\u00e9 d&rsquo;exception. Torr\u00e9fi\u00e9 selon les techniques traditionnelles du pays de l&rsquo;espresso, ce savant assemblage de caf\u00e9s de grandes origines vous [&hellip;]\" \/>\n<meta property=\"og:url\" content=\"https:\/\/preko-shop.be\/index.php\/produit\/cafe-fratelli-gambini-napoli-ristretto-grains-250-gr\/\" \/>\n<meta property=\"og:site_name\" content=\"Caf\u00e9s Preko\" \/>\n<meta property=\"article:publisher\" content=\"https:\/\/www.facebook.com\/CafesPreko\" \/>\n<meta property=\"article:modified_time\" content=\"2025-04-28T09:06:26+00:00\" \/>\n<meta property=\"og:image\" content=\"https:\/\/preko-shop.be\/wp-content\/uploads\/2024\/05\/Copy-of-Copy-of-Copy-of-Mexique-100-Arabica-14.jpg\" \/>\n\t<meta property=\"og:image:width\" content=\"1080\" \/>\n\t<meta property=\"og:image:height\" content=\"1080\" \/>\n\t<meta property=\"og:image:type\" content=\"image\/jpeg\" \/>\n<meta name=\"twitter:card\" content=\"summary_large_image\" \/>\n<script type=\"application\/ld+json\" class=\"yoast-schema-graph\">{\"@context\":\"https:\\\/\\\/schema.org\",\"@graph\":[{\"@type\":\"WebPage\",\"@id\":\"https:\\\/\\\/preko-shop.be\\\/index.php\\\/produit\\\/cafe-fratelli-gambini-napoli-ristretto-grains-250-gr\\\/\",\"url\":\"https:\\\/\\\/preko-shop.be\\\/index.php\\\/produit\\\/cafe-fratelli-gambini-napoli-ristretto-grains-250-gr\\\/\",\"name\":\"Caf\u00e9 Fratelli Gambini NAPOLI ristretto GRAINS 250 gr - Caf\u00e9s Preko\",\"isPartOf\":{\"@id\":\"https:\\\/\\\/preko-shop.be\\\/#website\"},\"primaryImageOfPage\":{\"@id\":\"https:\\\/\\\/preko-shop.be\\\/index.php\\\/produit\\\/cafe-fratelli-gambini-napoli-ristretto-grains-250-gr\\\/#primaryimage\"},\"image\":{\"@id\":\"https:\\\/\\\/preko-shop.be\\\/index.php\\\/produit\\\/cafe-fratelli-gambini-napoli-ristretto-grains-250-gr\\\/#primaryimage\"},\"thumbnailUrl\":\"https:\\\/\\\/preko-shop.be\\\/wp-content\\\/uploads\\\/2024\\\/05\\\/Copy-of-Copy-of-Copy-of-Mexique-100-Arabica-14.jpg\",\"datePublished\":\"2024-05-01T10:03:57+00:00\",\"dateModified\":\"2025-04-28T09:06:26+00:00\",\"breadcrumb\":{\"@id\":\"https:\\\/\\\/preko-shop.be\\\/index.php\\\/produit\\\/cafe-fratelli-gambini-napoli-ristretto-grains-250-gr\\\/#breadcrumb\"},\"inLanguage\":\"fr-FR\",\"potentialAction\":[{\"@type\":\"ReadAction\",\"target\":[\"https:\\\/\\\/preko-shop.be\\\/index.php\\\/produit\\\/cafe-fratelli-gambini-napoli-ristretto-grains-250-gr\\\/\"]}]},{\"@type\":\"ImageObject\",\"inLanguage\":\"fr-FR\",\"@id\":\"https:\\\/\\\/preko-shop.be\\\/index.php\\\/produit\\\/cafe-fratelli-gambini-napoli-ristretto-grains-250-gr\\\/#primaryimage\",\"url\":\"https:\\\/\\\/preko-shop.be\\\/wp-content\\\/uploads\\\/2024\\\/05\\\/Copy-of-Copy-of-Copy-of-Mexique-100-Arabica-14.jpg\",\"contentUrl\":\"https:\\\/\\\/preko-shop.be\\\/wp-content\\\/uploads\\\/2024\\\/05\\\/Copy-of-Copy-of-Copy-of-Mexique-100-Arabica-14.jpg\",\"width\":1080,\"height\":1080},{\"@type\":\"BreadcrumbList\",\"@id\":\"https:\\\/\\\/preko-shop.be\\\/index.php\\\/produit\\\/cafe-fratelli-gambini-napoli-ristretto-grains-250-gr\\\/#breadcrumb\",\"itemListElement\":[{\"@type\":\"ListItem\",\"position\":1,\"name\":\"Accueil\",\"item\":\"https:\\\/\\\/preko-shop.be\\\/\"},{\"@type\":\"ListItem\",\"position\":2,\"name\":\"Boutique\",\"item\":\"https:\\\/\\\/preko-shop.be\\\/index.php\\\/boutique\\\/\"},{\"@type\":\"ListItem\",\"position\":3,\"name\":\"Caf\u00e9 Fratelli Gambini NAPOLI ristretto GRAINS 250 gr\"}]},{\"@type\":\"WebSite\",\"@id\":\"https:\\\/\\\/preko-shop.be\\\/#website\",\"url\":\"https:\\\/\\\/preko-shop.be\\\/\",\"name\":\"Caf\u00e9s Preko - Boutique caf\u00e9 et barista\",\"description\":\"Boutique Caf\u00e9 et Barista\",\"publisher\":{\"@id\":\"https:\\\/\\\/preko-shop.be\\\/#organization\"},\"potentialAction\":[{\"@type\":\"SearchAction\",\"target\":{\"@type\":\"EntryPoint\",\"urlTemplate\":\"https:\\\/\\\/preko-shop.be\\\/?s={search_term_string}\"},\"query-input\":{\"@type\":\"PropertyValueSpecification\",\"valueRequired\":true,\"valueName\":\"search_term_string\"}}],\"inLanguage\":\"fr-FR\"},{\"@type\":\"Organization\",\"@id\":\"https:\\\/\\\/preko-shop.be\\\/#organization\",\"name\":\"Caf\u00e9s Preko\",\"url\":\"https:\\\/\\\/preko-shop.be\\\/\",\"logo\":{\"@type\":\"ImageObject\",\"inLanguage\":\"fr-FR\",\"@id\":\"https:\\\/\\\/preko-shop.be\\\/#\\\/schema\\\/logo\\\/image\\\/\",\"url\":\"https:\\\/\\\/preko-shop.be\\\/wp-content\\\/uploads\\\/2020\\\/03\\\/cropped-logo_preko_0-5.png\",\"contentUrl\":\"https:\\\/\\\/preko-shop.be\\\/wp-content\\\/uploads\\\/2020\\\/03\\\/cropped-logo_preko_0-5.png\",\"width\":842,\"height\":232,\"caption\":\"Caf\u00e9s Preko\"},\"image\":{\"@id\":\"https:\\\/\\\/preko-shop.be\\\/#\\\/schema\\\/logo\\\/image\\\/\"},\"sameAs\":[\"https:\\\/\\\/www.facebook.com\\\/CafesPreko\",\"https:\\\/\\\/www.instagram.com\\\/cafespreko\\\/?hl=fr\"]}]}<\/script>\n<!-- \/ Yoast SEO plugin. -->","yoast_head_json":{"title":"Caf\u00e9 Fratelli Gambini NAPOLI ristretto GRAINS 250 gr - Caf\u00e9s Preko","robots":{"index":"index","follow":"follow","max-snippet":"max-snippet:-1","max-image-preview":"max-image-preview:large","max-video-preview":"max-video-preview:-1"},"canonical":"https:\/\/preko-shop.be\/index.php\/produit\/cafe-fratelli-gambini-napoli-ristretto-grains-250-gr\/","og_locale":"fr_FR","og_type":"article","og_title":"Caf\u00e9 Fratelli Gambini NAPOLI ristretto GRAINS 250 gr - Caf\u00e9s Preko","og_description":"GUATEMALA &#8211; INDE &#8211; BRESIL Arabica\/Robusta\u00a0 \u00a0GRAINS 250 gr Assemblage cors\u00e9 aux ar\u00f4mes puissants Son amertume prononc\u00e9e et ses notes chocolat\u00e9es donnent un r\u00e9sultat unique en tasse. Les trois fr\u00e8res Gambini vous pr\u00e9sentent leur nouveau caf\u00e9 d&rsquo;exception. Torr\u00e9fi\u00e9 selon les techniques traditionnelles du pays de l&rsquo;espresso, ce savant assemblage de caf\u00e9s de grandes origines vous [&hellip;]","og_url":"https:\/\/preko-shop.be\/index.php\/produit\/cafe-fratelli-gambini-napoli-ristretto-grains-250-gr\/","og_site_name":"Caf\u00e9s Preko","article_publisher":"https:\/\/www.facebook.com\/CafesPreko","article_modified_time":"2025-04-28T09:06:26+00:00","og_image":[{"width":1080,"height":1080,"url":"https:\/\/preko-shop.be\/wp-content\/uploads\/2024\/05\/Copy-of-Copy-of-Copy-of-Mexique-100-Arabica-14.jpg","type":"image\/jpeg"}],"twitter_card":"summary_large_image","schema":{"@context":"https:\/\/schema.org","@graph":[{"@type":"WebPage","@id":"https:\/\/preko-shop.be\/index.php\/produit\/cafe-fratelli-gambini-napoli-ristretto-grains-250-gr\/","url":"https:\/\/preko-shop.be\/index.php\/produit\/cafe-fratelli-gambini-napoli-ristretto-grains-250-gr\/","name":"Caf\u00e9 Fratelli Gambini NAPOLI ristretto GRAINS 250 gr - Caf\u00e9s Preko","isPartOf":{"@id":"https:\/\/preko-shop.be\/#website"},"primaryImageOfPage":{"@id":"https:\/\/preko-shop.be\/index.php\/produit\/cafe-fratelli-gambini-napoli-ristretto-grains-250-gr\/#primaryimage"},"image":{"@id":"https:\/\/preko-shop.be\/index.php\/produit\/cafe-fratelli-gambini-napoli-ristretto-grains-250-gr\/#primaryimage"},"thumbnailUrl":"https:\/\/preko-shop.be\/wp-content\/uploads\/2024\/05\/Copy-of-Copy-of-Copy-of-Mexique-100-Arabica-14.jpg","datePublished":"2024-05-01T10:03:57+00:00","dateModified":"2025-04-28T09:06:26+00:00","breadcrumb":{"@id":"https:\/\/preko-shop.be\/index.php\/produit\/cafe-fratelli-gambini-napoli-ristretto-grains-250-gr\/#breadcrumb"},"inLanguage":"fr-FR","potentialAction":[{"@type":"ReadAction","target":["https:\/\/preko-shop.be\/index.php\/produit\/cafe-fratelli-gambini-napoli-ristretto-grains-250-gr\/"]}]},{"@type":"ImageObject","inLanguage":"fr-FR","@id":"https:\/\/preko-shop.be\/index.php\/produit\/cafe-fratelli-gambini-napoli-ristretto-grains-250-gr\/#primaryimage","url":"https:\/\/preko-shop.be\/wp-content\/uploads\/2024\/05\/Copy-of-Copy-of-Copy-of-Mexique-100-Arabica-14.jpg","contentUrl":"https:\/\/preko-shop.be\/wp-content\/uploads\/2024\/05\/Copy-of-Copy-of-Copy-of-Mexique-100-Arabica-14.jpg","width":1080,"height":1080},{"@type":"BreadcrumbList","@id":"https:\/\/preko-shop.be\/index.php\/produit\/cafe-fratelli-gambini-napoli-ristretto-grains-250-gr\/#breadcrumb","itemListElement":[{"@type":"ListItem","position":1,"name":"Accueil","item":"https:\/\/preko-shop.be\/"},{"@type":"ListItem","position":2,"name":"Boutique","item":"https:\/\/preko-shop.be\/index.php\/boutique\/"},{"@type":"ListItem","position":3,"name":"Caf\u00e9 Fratelli Gambini NAPOLI ristretto GRAINS 250 gr"}]},{"@type":"WebSite","@id":"https:\/\/preko-shop.be\/#website","url":"https:\/\/preko-shop.be\/","name":"Caf\u00e9s Preko - Boutique caf\u00e9 et barista","description":"Boutique Caf\u00e9 et Barista","publisher":{"@id":"https:\/\/preko-shop.be\/#organization"},"potentialAction":[{"@type":"SearchAction","target":{"@type":"EntryPoint","urlTemplate":"https:\/\/preko-shop.be\/?s={search_term_string}"},"query-input":{"@type":"PropertyValueSpecification","valueRequired":true,"valueName":"search_term_string"}}],"inLanguage":"fr-FR"},{"@type":"Organization","@id":"https:\/\/preko-shop.be\/#organization","name":"Caf\u00e9s Preko","url":"https:\/\/preko-shop.be\/","logo":{"@type":"ImageObject","inLanguage":"fr-FR","@id":"https:\/\/preko-shop.be\/#\/schema\/logo\/image\/","url":"https:\/\/preko-shop.be\/wp-content\/uploads\/2020\/03\/cropped-logo_preko_0-5.png","contentUrl":"https:\/\/preko-shop.be\/wp-content\/uploads\/2020\/03\/cropped-logo_preko_0-5.png","width":842,"height":232,"caption":"Caf\u00e9s Preko"},"image":{"@id":"https:\/\/preko-shop.be\/#\/schema\/logo\/image\/"},"sameAs":["https:\/\/www.facebook.com\/CafesPreko","https:\/\/www.instagram.com\/cafespreko\/?hl=fr"]}]}},"_links":{"self":[{"href":"https:\/\/preko-shop.be\/index.php\/wp-json\/wp\/v2\/product\/1935","targetHints":{"allow":["GET"]}}],"collection":[{"href":"https:\/\/preko-shop.be\/index.php\/wp-json\/wp\/v2\/product"}],"about":[{"href":"https:\/\/preko-shop.be\/index.php\/wp-json\/wp\/v2\/types\/product"}],"replies":[{"embeddable":true,"href":"https:\/\/preko-shop.be\/index.php\/wp-json\/wp\/v2\/comments?post=1935"}],"wp:featuredmedia":[{"embeddable":true,"href":"https:\/\/preko-shop.be\/index.php\/wp-json\/wp\/v2\/media\/1934"}],"wp:attachment":[{"href":"https:\/\/preko-shop.be\/index.php\/wp-json\/wp\/v2\/media?parent=1935"}],"wp:term":[{"taxonomy":"product_brand","embeddable":true,"href":"https:\/\/preko-shop.be\/index.php\/wp-json\/wp\/v2\/product_brand?post=1935"},{"taxonomy":"product_cat","embeddable":true,"href":"https:\/\/preko-shop.be\/index.php\/wp-json\/wp\/v2\/product_cat?post=1935"},{"taxonomy":"product_tag","embeddable":true,"href":"https:\/\/preko-shop.be\/index.php\/wp-json\/wp\/v2\/product_tag?post=1935"}],"curies":[{"name":"wp","href":"https:\/\/api.w.org\/{rel}","templated":true}]}}