{"id":1680,"date":"2023-11-13T16:25:32","date_gmt":"2023-11-13T15:25:32","guid":{"rendered":"https:\/\/preko-shop.be\/?post_type=product&#038;p=1680"},"modified":"2023-11-13T16:32:54","modified_gmt":"2023-11-13T15:32:54","slug":"pack-roma-grains","status":"publish","type":"product","link":"https:\/\/preko-shop.be\/index.php\/produit\/pack-roma-grains\/","title":{"rendered":"Pack Roma Grains"},"content":{"rendered":"<p>Ce pack comprend 1 kilo de caf\u00e9 Fratelli Gambini Roma ainsi que 2 tasses et sous-tasses Fratelli bleues<\/p>\n<p>Composition du Roma<\/p>\n<p>NICARAGUA \u2013 COLOMBIE \u2013 INDE \u2013 BRESIL<\/p>\n<p>Arabica\/Robusta\u00a0 \u00a0<strong>GRAINS 1kg\u00a0<\/strong><\/p>\n<p>Subtil m\u00e9lange d\u2019arabicas avec une pointe de robusta, ce caf\u00e9 aura une belle pr\u00e9sence en bouche.<\/p>\n<p>On y distingue des notes fruit\u00e9es et une amertume l\u00e9g\u00e8re. Le caract\u00e8re de ce caf\u00e9 plaira aux amateurs !<\/p>\n<p>Les trois fr\u00e8res Gambini vous pr\u00e9sentent leur nouveau caf\u00e9 d\u2019exception.<\/p>\n<p>Torr\u00e9fi\u00e9 selon les techniques traditionnelles du pays de l\u2019espresso, ce savant assemblage de caf\u00e9s de grandes origines vous fera r\u00eaver de voyage en Italie.<\/p>\n<p>Description tasses:<\/p>\n<p>Ces tasses sont habituellement destin\u00e9es \u00e0 l\u2019horeca et sont donc tr\u00e8s robustes !<\/p>\n<p>&nbsp;<\/p>\n","protected":false},"excerpt":{"rendered":"<p>Ce pack comprend 1 kilo de caf\u00e9 Fratelli Gambini Roma ainsi que 2 tasses et sous-tasses Fratelli bleues Composition du Roma NICARAGUA \u2013 COLOMBIE \u2013 INDE \u2013 BRESIL Arabica\/Robusta\u00a0 \u00a0GRAINS 1kg\u00a0 Subtil m\u00e9lange d\u2019arabicas avec une pointe de robusta, ce caf\u00e9 aura une belle pr\u00e9sence en bouche. On y distingue des notes fruit\u00e9es et une [&hellip;]<\/p>\n","protected":false},"featured_media":1682,"comment_status":"closed","ping_status":"closed","template":"","meta":[],"product_brand":[],"product_cat":[29,18,22],"product_tag":[],"class_list":{"0":"post-1680","1":"product","2":"type-product","3":"status-publish","4":"has-post-thumbnail","6":"product_cat-cadeaux","7":"product_cat-grain","8":"product_cat-promos","10":"entry","11":"has-media","13":"first","14":"instock","15":"sale","16":"taxable","17":"shipping-taxable","18":"purchasable","19":"product-type-simple","20":"has-product-nav","21":"col","22":"span_1_of_3","23":"owp-content-center","24":"owp-thumbs-layout-horizontal","25":"owp-btn-normal","26":"owp-tabs-layout-horizontal"},"yoast_head":"<!-- This site is optimized with the Yoast SEO plugin v27.3 - https:\/\/yoast.com\/product\/yoast-seo-wordpress\/ -->\n<title>Pack Roma Grains - Caf\u00e9s Preko<\/title>\n<meta name=\"robots\" content=\"index, follow, max-snippet:-1, max-image-preview:large, max-video-preview:-1\" \/>\n<link rel=\"canonical\" href=\"https:\/\/preko-shop.be\/index.php\/produit\/pack-roma-grains\/\" \/>\n<meta property=\"og:locale\" content=\"fr_FR\" \/>\n<meta property=\"og:type\" content=\"article\" \/>\n<meta property=\"og:title\" content=\"Pack Roma Grains - Caf\u00e9s Preko\" \/>\n<meta property=\"og:description\" content=\"Ce pack comprend 1 kilo de caf\u00e9 Fratelli Gambini Roma ainsi que 2 tasses et sous-tasses Fratelli bleues Composition du Roma NICARAGUA \u2013 COLOMBIE \u2013 INDE \u2013 BRESIL Arabica\/Robusta\u00a0 \u00a0GRAINS 1kg\u00a0 Subtil m\u00e9lange d\u2019arabicas avec une pointe de robusta, ce caf\u00e9 aura une belle pr\u00e9sence en bouche. On y distingue des notes fruit\u00e9es et une [&hellip;]\" \/>\n<meta property=\"og:url\" content=\"https:\/\/preko-shop.be\/index.php\/produit\/pack-roma-grains\/\" \/>\n<meta property=\"og:site_name\" content=\"Caf\u00e9s Preko\" \/>\n<meta property=\"article:publisher\" content=\"https:\/\/www.facebook.com\/CafesPreko\" \/>\n<meta property=\"article:modified_time\" content=\"2023-11-13T15:32:54+00:00\" \/>\n<meta property=\"og:image\" content=\"https:\/\/preko-shop.be\/wp-content\/uploads\/2023\/11\/Copy-of-Copy-of-Copy-of-Mexique-100-Arabica-8.jpg\" \/>\n\t<meta property=\"og:image:width\" content=\"1080\" \/>\n\t<meta property=\"og:image:height\" content=\"1080\" \/>\n\t<meta property=\"og:image:type\" content=\"image\/jpeg\" \/>\n<meta name=\"twitter:card\" content=\"summary_large_image\" \/>\n<meta name=\"twitter:label1\" content=\"Dur\u00e9e de lecture estim\u00e9e\" \/>\n\t<meta name=\"twitter:data1\" content=\"1 minute\" \/>\n<script type=\"application\/ld+json\" class=\"yoast-schema-graph\">{\"@context\":\"https:\\\/\\\/schema.org\",\"@graph\":[{\"@type\":\"WebPage\",\"@id\":\"https:\\\/\\\/preko-shop.be\\\/index.php\\\/produit\\\/pack-roma-grains\\\/\",\"url\":\"https:\\\/\\\/preko-shop.be\\\/index.php\\\/produit\\\/pack-roma-grains\\\/\",\"name\":\"Pack Roma Grains - Caf\u00e9s Preko\",\"isPartOf\":{\"@id\":\"https:\\\/\\\/preko-shop.be\\\/#website\"},\"primaryImageOfPage\":{\"@id\":\"https:\\\/\\\/preko-shop.be\\\/index.php\\\/produit\\\/pack-roma-grains\\\/#primaryimage\"},\"image\":{\"@id\":\"https:\\\/\\\/preko-shop.be\\\/index.php\\\/produit\\\/pack-roma-grains\\\/#primaryimage\"},\"thumbnailUrl\":\"https:\\\/\\\/preko-shop.be\\\/wp-content\\\/uploads\\\/2023\\\/11\\\/Copy-of-Copy-of-Copy-of-Mexique-100-Arabica-8.jpg\",\"datePublished\":\"2023-11-13T15:25:32+00:00\",\"dateModified\":\"2023-11-13T15:32:54+00:00\",\"breadcrumb\":{\"@id\":\"https:\\\/\\\/preko-shop.be\\\/index.php\\\/produit\\\/pack-roma-grains\\\/#breadcrumb\"},\"inLanguage\":\"fr-FR\",\"potentialAction\":[{\"@type\":\"ReadAction\",\"target\":[\"https:\\\/\\\/preko-shop.be\\\/index.php\\\/produit\\\/pack-roma-grains\\\/\"]}]},{\"@type\":\"ImageObject\",\"inLanguage\":\"fr-FR\",\"@id\":\"https:\\\/\\\/preko-shop.be\\\/index.php\\\/produit\\\/pack-roma-grains\\\/#primaryimage\",\"url\":\"https:\\\/\\\/preko-shop.be\\\/wp-content\\\/uploads\\\/2023\\\/11\\\/Copy-of-Copy-of-Copy-of-Mexique-100-Arabica-8.jpg\",\"contentUrl\":\"https:\\\/\\\/preko-shop.be\\\/wp-content\\\/uploads\\\/2023\\\/11\\\/Copy-of-Copy-of-Copy-of-Mexique-100-Arabica-8.jpg\",\"width\":1080,\"height\":1080},{\"@type\":\"BreadcrumbList\",\"@id\":\"https:\\\/\\\/preko-shop.be\\\/index.php\\\/produit\\\/pack-roma-grains\\\/#breadcrumb\",\"itemListElement\":[{\"@type\":\"ListItem\",\"position\":1,\"name\":\"Accueil\",\"item\":\"https:\\\/\\\/preko-shop.be\\\/\"},{\"@type\":\"ListItem\",\"position\":2,\"name\":\"Boutique\",\"item\":\"https:\\\/\\\/preko-shop.be\\\/index.php\\\/boutique\\\/\"},{\"@type\":\"ListItem\",\"position\":3,\"name\":\"Pack Roma Grains\"}]},{\"@type\":\"WebSite\",\"@id\":\"https:\\\/\\\/preko-shop.be\\\/#website\",\"url\":\"https:\\\/\\\/preko-shop.be\\\/\",\"name\":\"Caf\u00e9s Preko - Boutique caf\u00e9 et barista\",\"description\":\"Boutique Caf\u00e9 et Barista\",\"publisher\":{\"@id\":\"https:\\\/\\\/preko-shop.be\\\/#organization\"},\"potentialAction\":[{\"@type\":\"SearchAction\",\"target\":{\"@type\":\"EntryPoint\",\"urlTemplate\":\"https:\\\/\\\/preko-shop.be\\\/?s={search_term_string}\"},\"query-input\":{\"@type\":\"PropertyValueSpecification\",\"valueRequired\":true,\"valueName\":\"search_term_string\"}}],\"inLanguage\":\"fr-FR\"},{\"@type\":\"Organization\",\"@id\":\"https:\\\/\\\/preko-shop.be\\\/#organization\",\"name\":\"Caf\u00e9s Preko\",\"url\":\"https:\\\/\\\/preko-shop.be\\\/\",\"logo\":{\"@type\":\"ImageObject\",\"inLanguage\":\"fr-FR\",\"@id\":\"https:\\\/\\\/preko-shop.be\\\/#\\\/schema\\\/logo\\\/image\\\/\",\"url\":\"https:\\\/\\\/preko-shop.be\\\/wp-content\\\/uploads\\\/2020\\\/03\\\/cropped-logo_preko_0-5.png\",\"contentUrl\":\"https:\\\/\\\/preko-shop.be\\\/wp-content\\\/uploads\\\/2020\\\/03\\\/cropped-logo_preko_0-5.png\",\"width\":842,\"height\":232,\"caption\":\"Caf\u00e9s Preko\"},\"image\":{\"@id\":\"https:\\\/\\\/preko-shop.be\\\/#\\\/schema\\\/logo\\\/image\\\/\"},\"sameAs\":[\"https:\\\/\\\/www.facebook.com\\\/CafesPreko\",\"https:\\\/\\\/www.instagram.com\\\/cafespreko\\\/?hl=fr\"]}]}<\/script>\n<!-- \/ Yoast SEO plugin. -->","yoast_head_json":{"title":"Pack Roma Grains - Caf\u00e9s Preko","robots":{"index":"index","follow":"follow","max-snippet":"max-snippet:-1","max-image-preview":"max-image-preview:large","max-video-preview":"max-video-preview:-1"},"canonical":"https:\/\/preko-shop.be\/index.php\/produit\/pack-roma-grains\/","og_locale":"fr_FR","og_type":"article","og_title":"Pack Roma Grains - Caf\u00e9s Preko","og_description":"Ce pack comprend 1 kilo de caf\u00e9 Fratelli Gambini Roma ainsi que 2 tasses et sous-tasses Fratelli bleues Composition du Roma NICARAGUA \u2013 COLOMBIE \u2013 INDE \u2013 BRESIL Arabica\/Robusta\u00a0 \u00a0GRAINS 1kg\u00a0 Subtil m\u00e9lange d\u2019arabicas avec une pointe de robusta, ce caf\u00e9 aura une belle pr\u00e9sence en bouche. On y distingue des notes fruit\u00e9es et une [&hellip;]","og_url":"https:\/\/preko-shop.be\/index.php\/produit\/pack-roma-grains\/","og_site_name":"Caf\u00e9s Preko","article_publisher":"https:\/\/www.facebook.com\/CafesPreko","article_modified_time":"2023-11-13T15:32:54+00:00","og_image":[{"width":1080,"height":1080,"url":"https:\/\/preko-shop.be\/wp-content\/uploads\/2023\/11\/Copy-of-Copy-of-Copy-of-Mexique-100-Arabica-8.jpg","type":"image\/jpeg"}],"twitter_card":"summary_large_image","twitter_misc":{"Dur\u00e9e de lecture estim\u00e9e":"1 minute"},"schema":{"@context":"https:\/\/schema.org","@graph":[{"@type":"WebPage","@id":"https:\/\/preko-shop.be\/index.php\/produit\/pack-roma-grains\/","url":"https:\/\/preko-shop.be\/index.php\/produit\/pack-roma-grains\/","name":"Pack Roma Grains - Caf\u00e9s Preko","isPartOf":{"@id":"https:\/\/preko-shop.be\/#website"},"primaryImageOfPage":{"@id":"https:\/\/preko-shop.be\/index.php\/produit\/pack-roma-grains\/#primaryimage"},"image":{"@id":"https:\/\/preko-shop.be\/index.php\/produit\/pack-roma-grains\/#primaryimage"},"thumbnailUrl":"https:\/\/preko-shop.be\/wp-content\/uploads\/2023\/11\/Copy-of-Copy-of-Copy-of-Mexique-100-Arabica-8.jpg","datePublished":"2023-11-13T15:25:32+00:00","dateModified":"2023-11-13T15:32:54+00:00","breadcrumb":{"@id":"https:\/\/preko-shop.be\/index.php\/produit\/pack-roma-grains\/#breadcrumb"},"inLanguage":"fr-FR","potentialAction":[{"@type":"ReadAction","target":["https:\/\/preko-shop.be\/index.php\/produit\/pack-roma-grains\/"]}]},{"@type":"ImageObject","inLanguage":"fr-FR","@id":"https:\/\/preko-shop.be\/index.php\/produit\/pack-roma-grains\/#primaryimage","url":"https:\/\/preko-shop.be\/wp-content\/uploads\/2023\/11\/Copy-of-Copy-of-Copy-of-Mexique-100-Arabica-8.jpg","contentUrl":"https:\/\/preko-shop.be\/wp-content\/uploads\/2023\/11\/Copy-of-Copy-of-Copy-of-Mexique-100-Arabica-8.jpg","width":1080,"height":1080},{"@type":"BreadcrumbList","@id":"https:\/\/preko-shop.be\/index.php\/produit\/pack-roma-grains\/#breadcrumb","itemListElement":[{"@type":"ListItem","position":1,"name":"Accueil","item":"https:\/\/preko-shop.be\/"},{"@type":"ListItem","position":2,"name":"Boutique","item":"https:\/\/preko-shop.be\/index.php\/boutique\/"},{"@type":"ListItem","position":3,"name":"Pack Roma Grains"}]},{"@type":"WebSite","@id":"https:\/\/preko-shop.be\/#website","url":"https:\/\/preko-shop.be\/","name":"Caf\u00e9s Preko - Boutique caf\u00e9 et barista","description":"Boutique Caf\u00e9 et Barista","publisher":{"@id":"https:\/\/preko-shop.be\/#organization"},"potentialAction":[{"@type":"SearchAction","target":{"@type":"EntryPoint","urlTemplate":"https:\/\/preko-shop.be\/?s={search_term_string}"},"query-input":{"@type":"PropertyValueSpecification","valueRequired":true,"valueName":"search_term_string"}}],"inLanguage":"fr-FR"},{"@type":"Organization","@id":"https:\/\/preko-shop.be\/#organization","name":"Caf\u00e9s Preko","url":"https:\/\/preko-shop.be\/","logo":{"@type":"ImageObject","inLanguage":"fr-FR","@id":"https:\/\/preko-shop.be\/#\/schema\/logo\/image\/","url":"https:\/\/preko-shop.be\/wp-content\/uploads\/2020\/03\/cropped-logo_preko_0-5.png","contentUrl":"https:\/\/preko-shop.be\/wp-content\/uploads\/2020\/03\/cropped-logo_preko_0-5.png","width":842,"height":232,"caption":"Caf\u00e9s Preko"},"image":{"@id":"https:\/\/preko-shop.be\/#\/schema\/logo\/image\/"},"sameAs":["https:\/\/www.facebook.com\/CafesPreko","https:\/\/www.instagram.com\/cafespreko\/?hl=fr"]}]}},"_links":{"self":[{"href":"https:\/\/preko-shop.be\/index.php\/wp-json\/wp\/v2\/product\/1680","targetHints":{"allow":["GET"]}}],"collection":[{"href":"https:\/\/preko-shop.be\/index.php\/wp-json\/wp\/v2\/product"}],"about":[{"href":"https:\/\/preko-shop.be\/index.php\/wp-json\/wp\/v2\/types\/product"}],"replies":[{"embeddable":true,"href":"https:\/\/preko-shop.be\/index.php\/wp-json\/wp\/v2\/comments?post=1680"}],"wp:featuredmedia":[{"embeddable":true,"href":"https:\/\/preko-shop.be\/index.php\/wp-json\/wp\/v2\/media\/1682"}],"wp:attachment":[{"href":"https:\/\/preko-shop.be\/index.php\/wp-json\/wp\/v2\/media?parent=1680"}],"wp:term":[{"taxonomy":"product_brand","embeddable":true,"href":"https:\/\/preko-shop.be\/index.php\/wp-json\/wp\/v2\/product_brand?post=1680"},{"taxonomy":"product_cat","embeddable":true,"href":"https:\/\/preko-shop.be\/index.php\/wp-json\/wp\/v2\/product_cat?post=1680"},{"taxonomy":"product_tag","embeddable":true,"href":"https:\/\/preko-shop.be\/index.php\/wp-json\/wp\/v2\/product_tag?post=1680"}],"curies":[{"name":"wp","href":"https:\/\/api.w.org\/{rel}","templated":true}]}}