{"id":129,"date":"2020-03-26T17:48:19","date_gmt":"2020-03-26T16:48:19","guid":{"rendered":"http:\/\/preko-shop.be\/?post_type=product&#038;p=129"},"modified":"2026-02-20T16:24:49","modified_gmt":"2026-02-20T15:24:49","slug":"saeco-aulika-focus","status":"publish","type":"product","link":"https:\/\/preko-shop.be\/index.php\/produit\/saeco-aulika-focus\/","title":{"rendered":"Saeco Aurora"},"content":{"rendered":"<p>Machine \u00e0 caf\u00e9 automatique semi-professionnelle automatique<\/p>\n<p>Parfait pour un petit bureau ou pour un particulier souhaitant avoir un excellent caf\u00e9 \u00e0 la maison<\/p>\n<p>Produits pouvant \u00eatre servis avec cette machine: espresso, caf\u00e9 normal (lungo) et eau chaude.<\/p>\n<div class=\"row\">\n<div class=\"col-md-5\">Dimensions (l x h x p) &#8211; 280 x 435 x 481 mm<\/div>\n<\/div>\n<div class=\"row\">\n<div class=\"col-md-5\">Poids &#8211; 12,5 kg<\/div>\n<\/div>\n<div class=\"row\"><\/div>\n<div class=\"row\">\n<div class=\"col-md-7\">Buse eau chaude &#8211; oui<\/div>\n<\/div>\n<div class=\"row\">\n<div class=\"col-md-5\">Approvisionnement en eau &#8211; r\u00e9servoir ind\u00e9pendant<\/div>\n<\/div>\n<div class=\"row\">\n<div class=\"col-md-5\">Raccordement au r\u00e9seau d\u2019eau &#8211; non<\/div>\n<\/div>\n<div class=\"row\">\n<div class=\"col-md-5\">Bac \u00e0 caf\u00e9 en grains &#8211; 600 g<\/div>\n<\/div>\n<div class=\"row\">\n<div class=\"col-md-5\">R\u00e9servoir d\u2019eau &#8211; 2,5 L<\/div>\n<\/div>\n<div class=\"row\">\n<div class=\"col-md-5\">Capacit\u00e9 du bac \u00e0 marc &#8211; 30<\/div>\n<\/div>\n<div class=\"row\">\n<div class=\"col-md-5\">Mousseur \u00e0 lait &#8211; non<\/div>\n<\/div>\n<div class=\"row\"><\/div>\n<div class=\"row\">\n<div class=\"col-md-7\">Pr\u00e9-infusion \u00e9lectronique &#8211; oui<\/div>\n<\/div>\n<div class=\"row\">\n<div class=\"col-md-5\">Fonction one touch Cappuccino\/Latte Macchiato &#8211; non<\/div>\n<\/div>\n<p>&nbsp;<\/p>\n<p>&nbsp;<\/p>\n","protected":false},"excerpt":{"rendered":"<p>Machine \u00e0 caf\u00e9 automatique semi-professionnelle automatique Parfait pour un petit bureau ou pour un particulier souhaitant avoir un excellent caf\u00e9 \u00e0 la maison Produits pouvant \u00eatre servis avec cette machine: espresso, caf\u00e9 normal (lungo) et eau chaude. Dimensions (l x h x p) &#8211; 280 x 435 x 481 mm Poids &#8211; 12,5 kg Buse [&hellip;]<\/p>\n","protected":false},"featured_media":2863,"comment_status":"open","ping_status":"closed","template":"","meta":[],"product_brand":[],"product_cat":[28,19],"product_tag":[],"class_list":{"0":"post-129","1":"product","2":"type-product","3":"status-publish","4":"has-post-thumbnail","6":"product_cat-equipement-barista","7":"product_cat-machine","9":"entry","10":"has-media","12":"first","13":"instock","14":"taxable","15":"shipping-taxable","16":"purchasable","17":"product-type-simple","18":"has-product-nav","19":"col","20":"span_1_of_3","21":"owp-content-center","22":"owp-thumbs-layout-horizontal","23":"owp-btn-normal","24":"owp-tabs-layout-horizontal","25":"has-no-thumbnails"},"yoast_head":"<!-- This site is optimized with the Yoast SEO plugin v27.3 - https:\/\/yoast.com\/product\/yoast-seo-wordpress\/ -->\n<title>Saeco Aurora - Caf\u00e9s Preko<\/title>\n<meta name=\"robots\" content=\"index, follow, max-snippet:-1, max-image-preview:large, max-video-preview:-1\" \/>\n<link rel=\"canonical\" href=\"https:\/\/preko-shop.be\/index.php\/produit\/saeco-aulika-focus\/\" \/>\n<meta property=\"og:locale\" content=\"fr_FR\" \/>\n<meta property=\"og:type\" content=\"article\" \/>\n<meta property=\"og:title\" content=\"Saeco Aurora - Caf\u00e9s Preko\" \/>\n<meta property=\"og:description\" content=\"Machine \u00e0 caf\u00e9 automatique semi-professionnelle automatique Parfait pour un petit bureau ou pour un particulier souhaitant avoir un excellent caf\u00e9 \u00e0 la maison Produits pouvant \u00eatre servis avec cette machine: espresso, caf\u00e9 normal (lungo) et eau chaude. Dimensions (l x h x p) &#8211; 280 x 435 x 481 mm Poids &#8211; 12,5 kg Buse [&hellip;]\" \/>\n<meta property=\"og:url\" content=\"https:\/\/preko-shop.be\/index.php\/produit\/saeco-aulika-focus\/\" \/>\n<meta property=\"og:site_name\" content=\"Caf\u00e9s Preko\" \/>\n<meta property=\"article:publisher\" content=\"https:\/\/www.facebook.com\/CafesPreko\" \/>\n<meta property=\"article:modified_time\" content=\"2026-02-20T15:24:49+00:00\" \/>\n<meta property=\"og:image\" content=\"https:\/\/preko-shop.be\/wp-content\/uploads\/2020\/03\/Untitled-design-1.jpg\" \/>\n\t<meta property=\"og:image:width\" content=\"700\" \/>\n\t<meta property=\"og:image:height\" content=\"700\" \/>\n\t<meta property=\"og:image:type\" content=\"image\/jpeg\" \/>\n<meta name=\"twitter:card\" content=\"summary_large_image\" \/>\n<meta name=\"twitter:label1\" content=\"Dur\u00e9e de lecture estim\u00e9e\" \/>\n\t<meta name=\"twitter:data1\" content=\"1 minute\" \/>\n<script type=\"application\/ld+json\" class=\"yoast-schema-graph\">{\"@context\":\"https:\\\/\\\/schema.org\",\"@graph\":[{\"@type\":\"WebPage\",\"@id\":\"https:\\\/\\\/preko-shop.be\\\/index.php\\\/produit\\\/saeco-aulika-focus\\\/\",\"url\":\"https:\\\/\\\/preko-shop.be\\\/index.php\\\/produit\\\/saeco-aulika-focus\\\/\",\"name\":\"Saeco Aurora - Caf\u00e9s Preko\",\"isPartOf\":{\"@id\":\"https:\\\/\\\/preko-shop.be\\\/#website\"},\"primaryImageOfPage\":{\"@id\":\"https:\\\/\\\/preko-shop.be\\\/index.php\\\/produit\\\/saeco-aulika-focus\\\/#primaryimage\"},\"image\":{\"@id\":\"https:\\\/\\\/preko-shop.be\\\/index.php\\\/produit\\\/saeco-aulika-focus\\\/#primaryimage\"},\"thumbnailUrl\":\"https:\\\/\\\/preko-shop.be\\\/wp-content\\\/uploads\\\/2020\\\/03\\\/Untitled-design-1.jpg\",\"datePublished\":\"2020-03-26T16:48:19+00:00\",\"dateModified\":\"2026-02-20T15:24:49+00:00\",\"breadcrumb\":{\"@id\":\"https:\\\/\\\/preko-shop.be\\\/index.php\\\/produit\\\/saeco-aulika-focus\\\/#breadcrumb\"},\"inLanguage\":\"fr-FR\",\"potentialAction\":[{\"@type\":\"ReadAction\",\"target\":[\"https:\\\/\\\/preko-shop.be\\\/index.php\\\/produit\\\/saeco-aulika-focus\\\/\"]}]},{\"@type\":\"ImageObject\",\"inLanguage\":\"fr-FR\",\"@id\":\"https:\\\/\\\/preko-shop.be\\\/index.php\\\/produit\\\/saeco-aulika-focus\\\/#primaryimage\",\"url\":\"https:\\\/\\\/preko-shop.be\\\/wp-content\\\/uploads\\\/2020\\\/03\\\/Untitled-design-1.jpg\",\"contentUrl\":\"https:\\\/\\\/preko-shop.be\\\/wp-content\\\/uploads\\\/2020\\\/03\\\/Untitled-design-1.jpg\",\"width\":700,\"height\":700},{\"@type\":\"BreadcrumbList\",\"@id\":\"https:\\\/\\\/preko-shop.be\\\/index.php\\\/produit\\\/saeco-aulika-focus\\\/#breadcrumb\",\"itemListElement\":[{\"@type\":\"ListItem\",\"position\":1,\"name\":\"Accueil\",\"item\":\"https:\\\/\\\/preko-shop.be\\\/\"},{\"@type\":\"ListItem\",\"position\":2,\"name\":\"Boutique\",\"item\":\"https:\\\/\\\/preko-shop.be\\\/index.php\\\/boutique\\\/\"},{\"@type\":\"ListItem\",\"position\":3,\"name\":\"Saeco Aurora\"}]},{\"@type\":\"WebSite\",\"@id\":\"https:\\\/\\\/preko-shop.be\\\/#website\",\"url\":\"https:\\\/\\\/preko-shop.be\\\/\",\"name\":\"Caf\u00e9s Preko - Boutique caf\u00e9 et barista\",\"description\":\"Boutique Caf\u00e9 et Barista\",\"publisher\":{\"@id\":\"https:\\\/\\\/preko-shop.be\\\/#organization\"},\"potentialAction\":[{\"@type\":\"SearchAction\",\"target\":{\"@type\":\"EntryPoint\",\"urlTemplate\":\"https:\\\/\\\/preko-shop.be\\\/?s={search_term_string}\"},\"query-input\":{\"@type\":\"PropertyValueSpecification\",\"valueRequired\":true,\"valueName\":\"search_term_string\"}}],\"inLanguage\":\"fr-FR\"},{\"@type\":\"Organization\",\"@id\":\"https:\\\/\\\/preko-shop.be\\\/#organization\",\"name\":\"Caf\u00e9s Preko\",\"url\":\"https:\\\/\\\/preko-shop.be\\\/\",\"logo\":{\"@type\":\"ImageObject\",\"inLanguage\":\"fr-FR\",\"@id\":\"https:\\\/\\\/preko-shop.be\\\/#\\\/schema\\\/logo\\\/image\\\/\",\"url\":\"https:\\\/\\\/preko-shop.be\\\/wp-content\\\/uploads\\\/2020\\\/03\\\/cropped-logo_preko_0-5.png\",\"contentUrl\":\"https:\\\/\\\/preko-shop.be\\\/wp-content\\\/uploads\\\/2020\\\/03\\\/cropped-logo_preko_0-5.png\",\"width\":842,\"height\":232,\"caption\":\"Caf\u00e9s Preko\"},\"image\":{\"@id\":\"https:\\\/\\\/preko-shop.be\\\/#\\\/schema\\\/logo\\\/image\\\/\"},\"sameAs\":[\"https:\\\/\\\/www.facebook.com\\\/CafesPreko\",\"https:\\\/\\\/www.instagram.com\\\/cafespreko\\\/?hl=fr\"]}]}<\/script>\n<!-- \/ Yoast SEO plugin. -->","yoast_head_json":{"title":"Saeco Aurora - Caf\u00e9s Preko","robots":{"index":"index","follow":"follow","max-snippet":"max-snippet:-1","max-image-preview":"max-image-preview:large","max-video-preview":"max-video-preview:-1"},"canonical":"https:\/\/preko-shop.be\/index.php\/produit\/saeco-aulika-focus\/","og_locale":"fr_FR","og_type":"article","og_title":"Saeco Aurora - Caf\u00e9s Preko","og_description":"Machine \u00e0 caf\u00e9 automatique semi-professionnelle automatique Parfait pour un petit bureau ou pour un particulier souhaitant avoir un excellent caf\u00e9 \u00e0 la maison Produits pouvant \u00eatre servis avec cette machine: espresso, caf\u00e9 normal (lungo) et eau chaude. Dimensions (l x h x p) &#8211; 280 x 435 x 481 mm Poids &#8211; 12,5 kg Buse [&hellip;]","og_url":"https:\/\/preko-shop.be\/index.php\/produit\/saeco-aulika-focus\/","og_site_name":"Caf\u00e9s Preko","article_publisher":"https:\/\/www.facebook.com\/CafesPreko","article_modified_time":"2026-02-20T15:24:49+00:00","og_image":[{"width":700,"height":700,"url":"https:\/\/preko-shop.be\/wp-content\/uploads\/2020\/03\/Untitled-design-1.jpg","type":"image\/jpeg"}],"twitter_card":"summary_large_image","twitter_misc":{"Dur\u00e9e de lecture estim\u00e9e":"1 minute"},"schema":{"@context":"https:\/\/schema.org","@graph":[{"@type":"WebPage","@id":"https:\/\/preko-shop.be\/index.php\/produit\/saeco-aulika-focus\/","url":"https:\/\/preko-shop.be\/index.php\/produit\/saeco-aulika-focus\/","name":"Saeco Aurora - Caf\u00e9s Preko","isPartOf":{"@id":"https:\/\/preko-shop.be\/#website"},"primaryImageOfPage":{"@id":"https:\/\/preko-shop.be\/index.php\/produit\/saeco-aulika-focus\/#primaryimage"},"image":{"@id":"https:\/\/preko-shop.be\/index.php\/produit\/saeco-aulika-focus\/#primaryimage"},"thumbnailUrl":"https:\/\/preko-shop.be\/wp-content\/uploads\/2020\/03\/Untitled-design-1.jpg","datePublished":"2020-03-26T16:48:19+00:00","dateModified":"2026-02-20T15:24:49+00:00","breadcrumb":{"@id":"https:\/\/preko-shop.be\/index.php\/produit\/saeco-aulika-focus\/#breadcrumb"},"inLanguage":"fr-FR","potentialAction":[{"@type":"ReadAction","target":["https:\/\/preko-shop.be\/index.php\/produit\/saeco-aulika-focus\/"]}]},{"@type":"ImageObject","inLanguage":"fr-FR","@id":"https:\/\/preko-shop.be\/index.php\/produit\/saeco-aulika-focus\/#primaryimage","url":"https:\/\/preko-shop.be\/wp-content\/uploads\/2020\/03\/Untitled-design-1.jpg","contentUrl":"https:\/\/preko-shop.be\/wp-content\/uploads\/2020\/03\/Untitled-design-1.jpg","width":700,"height":700},{"@type":"BreadcrumbList","@id":"https:\/\/preko-shop.be\/index.php\/produit\/saeco-aulika-focus\/#breadcrumb","itemListElement":[{"@type":"ListItem","position":1,"name":"Accueil","item":"https:\/\/preko-shop.be\/"},{"@type":"ListItem","position":2,"name":"Boutique","item":"https:\/\/preko-shop.be\/index.php\/boutique\/"},{"@type":"ListItem","position":3,"name":"Saeco Aurora"}]},{"@type":"WebSite","@id":"https:\/\/preko-shop.be\/#website","url":"https:\/\/preko-shop.be\/","name":"Caf\u00e9s Preko - Boutique caf\u00e9 et barista","description":"Boutique Caf\u00e9 et Barista","publisher":{"@id":"https:\/\/preko-shop.be\/#organization"},"potentialAction":[{"@type":"SearchAction","target":{"@type":"EntryPoint","urlTemplate":"https:\/\/preko-shop.be\/?s={search_term_string}"},"query-input":{"@type":"PropertyValueSpecification","valueRequired":true,"valueName":"search_term_string"}}],"inLanguage":"fr-FR"},{"@type":"Organization","@id":"https:\/\/preko-shop.be\/#organization","name":"Caf\u00e9s Preko","url":"https:\/\/preko-shop.be\/","logo":{"@type":"ImageObject","inLanguage":"fr-FR","@id":"https:\/\/preko-shop.be\/#\/schema\/logo\/image\/","url":"https:\/\/preko-shop.be\/wp-content\/uploads\/2020\/03\/cropped-logo_preko_0-5.png","contentUrl":"https:\/\/preko-shop.be\/wp-content\/uploads\/2020\/03\/cropped-logo_preko_0-5.png","width":842,"height":232,"caption":"Caf\u00e9s Preko"},"image":{"@id":"https:\/\/preko-shop.be\/#\/schema\/logo\/image\/"},"sameAs":["https:\/\/www.facebook.com\/CafesPreko","https:\/\/www.instagram.com\/cafespreko\/?hl=fr"]}]}},"_links":{"self":[{"href":"https:\/\/preko-shop.be\/index.php\/wp-json\/wp\/v2\/product\/129","targetHints":{"allow":["GET"]}}],"collection":[{"href":"https:\/\/preko-shop.be\/index.php\/wp-json\/wp\/v2\/product"}],"about":[{"href":"https:\/\/preko-shop.be\/index.php\/wp-json\/wp\/v2\/types\/product"}],"replies":[{"embeddable":true,"href":"https:\/\/preko-shop.be\/index.php\/wp-json\/wp\/v2\/comments?post=129"}],"wp:featuredmedia":[{"embeddable":true,"href":"https:\/\/preko-shop.be\/index.php\/wp-json\/wp\/v2\/media\/2863"}],"wp:attachment":[{"href":"https:\/\/preko-shop.be\/index.php\/wp-json\/wp\/v2\/media?parent=129"}],"wp:term":[{"taxonomy":"product_brand","embeddable":true,"href":"https:\/\/preko-shop.be\/index.php\/wp-json\/wp\/v2\/product_brand?post=129"},{"taxonomy":"product_cat","embeddable":true,"href":"https:\/\/preko-shop.be\/index.php\/wp-json\/wp\/v2\/product_cat?post=129"},{"taxonomy":"product_tag","embeddable":true,"href":"https:\/\/preko-shop.be\/index.php\/wp-json\/wp\/v2\/product_tag?post=129"}],"curies":[{"name":"wp","href":"https:\/\/api.w.org\/{rel}","templated":true}]}}