{"id":128,"date":"2020-03-26T17:36:21","date_gmt":"2020-03-26T16:36:21","guid":{"rendered":"http:\/\/preko-shop.be\/?post_type=product&#038;p=128"},"modified":"2026-02-20T16:28:08","modified_gmt":"2026-02-20T15:28:08","slug":"moulin-a-cafe-on-demand","status":"publish","type":"product","link":"https:\/\/preko-shop.be\/index.php\/produit\/moulin-a-cafe-on-demand\/","title":{"rendered":"Moulin Eureka Mignon Specialit\u00e0"},"content":{"rendered":"<p>Moulin \u00e0 caf\u00e9 semi-professionnel noire avec finition chrome.<\/p>\n<ul>\n<li>Granulom\u00e9trie programmable facilement et pr\u00e9cis\u00e9ment<\/li>\n<li>Ecran tactile avec deux doses programmable au dizi\u00e8me de seconde pr\u00e8s<\/li>\n<li>Capacit\u00e9 globe: 300gr<\/li>\n<li>Meules de 55m<\/li>\n<\/ul>\n<p>&nbsp;<\/p>\n<p>Fond\u00e9e en 1920 par Aurelio Conti \u00e0 Florence, en Italie, Eureka est une marque de r\u00e9f\u00e9rence mondiale dans la conception de moulins \u00e0 caf\u00e9 de haute qualit\u00e9, reconnue pour sa pr\u00e9cision, sa fiabilit\u00e9 et son design italien.<\/p>\n<p>&nbsp;<\/p>\n","protected":false},"excerpt":{"rendered":"<p>Moulin \u00e0 caf\u00e9 semi-professionnel noire avec finition chrome. Granulom\u00e9trie programmable facilement et pr\u00e9cis\u00e9ment Ecran tactile avec deux doses programmable au dizi\u00e8me de seconde pr\u00e8s Capacit\u00e9 globe: 300gr Meules de 55m &nbsp; Fond\u00e9e en 1920 par Aurelio Conti \u00e0 Florence, en Italie, Eureka est une marque de r\u00e9f\u00e9rence mondiale dans la conception de moulins \u00e0 caf\u00e9 [&hellip;]<\/p>\n","protected":false},"featured_media":2858,"comment_status":"open","ping_status":"closed","template":"","meta":[],"product_brand":[],"product_cat":[28,19],"product_tag":[],"class_list":{"0":"post-128","1":"product","2":"type-product","3":"status-publish","4":"has-post-thumbnail","6":"product_cat-equipement-barista","7":"product_cat-machine","9":"entry","10":"has-media","12":"first","13":"instock","14":"taxable","15":"shipping-taxable","16":"purchasable","17":"product-type-simple","18":"has-product-nav","19":"col","20":"span_1_of_3","21":"owp-content-center","22":"owp-thumbs-layout-horizontal","23":"owp-btn-normal","24":"owp-tabs-layout-horizontal","25":"has-no-thumbnails"},"yoast_head":"<!-- This site is optimized with the Yoast SEO plugin v27.3 - https:\/\/yoast.com\/product\/yoast-seo-wordpress\/ -->\n<title>Moulin Eureka Mignon Specialit\u00e0 - Caf\u00e9s Preko<\/title>\n<meta name=\"robots\" content=\"index, follow, max-snippet:-1, max-image-preview:large, max-video-preview:-1\" \/>\n<link rel=\"canonical\" href=\"https:\/\/preko-shop.be\/index.php\/produit\/moulin-a-cafe-on-demand\/\" \/>\n<meta property=\"og:locale\" content=\"fr_FR\" \/>\n<meta property=\"og:type\" content=\"article\" \/>\n<meta property=\"og:title\" content=\"Moulin Eureka Mignon Specialit\u00e0 - Caf\u00e9s Preko\" \/>\n<meta property=\"og:description\" content=\"Moulin \u00e0 caf\u00e9 semi-professionnel noire avec finition chrome. Granulom\u00e9trie programmable facilement et pr\u00e9cis\u00e9ment Ecran tactile avec deux doses programmable au dizi\u00e8me de seconde pr\u00e8s Capacit\u00e9 globe: 300gr Meules de 55m &nbsp; Fond\u00e9e en 1920 par Aurelio Conti \u00e0 Florence, en Italie, Eureka est une marque de r\u00e9f\u00e9rence mondiale dans la conception de moulins \u00e0 caf\u00e9 [&hellip;]\" \/>\n<meta property=\"og:url\" content=\"https:\/\/preko-shop.be\/index.php\/produit\/moulin-a-cafe-on-demand\/\" \/>\n<meta property=\"og:site_name\" content=\"Caf\u00e9s Preko\" \/>\n<meta property=\"article:publisher\" content=\"https:\/\/www.facebook.com\/CafesPreko\" \/>\n<meta property=\"article:modified_time\" content=\"2026-02-20T15:28:08+00:00\" \/>\n<meta property=\"og:image\" content=\"https:\/\/preko-shop.be\/wp-content\/uploads\/2020\/03\/Mignon-Specialita.jpg\" \/>\n\t<meta property=\"og:image:width\" content=\"1000\" \/>\n\t<meta property=\"og:image:height\" content=\"1000\" \/>\n\t<meta property=\"og:image:type\" content=\"image\/jpeg\" \/>\n<meta name=\"twitter:card\" content=\"summary_large_image\" \/>\n<meta name=\"twitter:label1\" content=\"Dur\u00e9e de lecture estim\u00e9e\" \/>\n\t<meta name=\"twitter:data1\" content=\"1 minute\" \/>\n<script type=\"application\/ld+json\" class=\"yoast-schema-graph\">{\"@context\":\"https:\\\/\\\/schema.org\",\"@graph\":[{\"@type\":\"WebPage\",\"@id\":\"https:\\\/\\\/preko-shop.be\\\/index.php\\\/produit\\\/moulin-a-cafe-on-demand\\\/\",\"url\":\"https:\\\/\\\/preko-shop.be\\\/index.php\\\/produit\\\/moulin-a-cafe-on-demand\\\/\",\"name\":\"Moulin Eureka Mignon Specialit\u00e0 - Caf\u00e9s Preko\",\"isPartOf\":{\"@id\":\"https:\\\/\\\/preko-shop.be\\\/#website\"},\"primaryImageOfPage\":{\"@id\":\"https:\\\/\\\/preko-shop.be\\\/index.php\\\/produit\\\/moulin-a-cafe-on-demand\\\/#primaryimage\"},\"image\":{\"@id\":\"https:\\\/\\\/preko-shop.be\\\/index.php\\\/produit\\\/moulin-a-cafe-on-demand\\\/#primaryimage\"},\"thumbnailUrl\":\"https:\\\/\\\/preko-shop.be\\\/wp-content\\\/uploads\\\/2020\\\/03\\\/Mignon-Specialita.jpg\",\"datePublished\":\"2020-03-26T16:36:21+00:00\",\"dateModified\":\"2026-02-20T15:28:08+00:00\",\"breadcrumb\":{\"@id\":\"https:\\\/\\\/preko-shop.be\\\/index.php\\\/produit\\\/moulin-a-cafe-on-demand\\\/#breadcrumb\"},\"inLanguage\":\"fr-FR\",\"potentialAction\":[{\"@type\":\"ReadAction\",\"target\":[\"https:\\\/\\\/preko-shop.be\\\/index.php\\\/produit\\\/moulin-a-cafe-on-demand\\\/\"]}]},{\"@type\":\"ImageObject\",\"inLanguage\":\"fr-FR\",\"@id\":\"https:\\\/\\\/preko-shop.be\\\/index.php\\\/produit\\\/moulin-a-cafe-on-demand\\\/#primaryimage\",\"url\":\"https:\\\/\\\/preko-shop.be\\\/wp-content\\\/uploads\\\/2020\\\/03\\\/Mignon-Specialita.jpg\",\"contentUrl\":\"https:\\\/\\\/preko-shop.be\\\/wp-content\\\/uploads\\\/2020\\\/03\\\/Mignon-Specialita.jpg\",\"width\":1000,\"height\":1000},{\"@type\":\"BreadcrumbList\",\"@id\":\"https:\\\/\\\/preko-shop.be\\\/index.php\\\/produit\\\/moulin-a-cafe-on-demand\\\/#breadcrumb\",\"itemListElement\":[{\"@type\":\"ListItem\",\"position\":1,\"name\":\"Accueil\",\"item\":\"https:\\\/\\\/preko-shop.be\\\/\"},{\"@type\":\"ListItem\",\"position\":2,\"name\":\"Boutique\",\"item\":\"https:\\\/\\\/preko-shop.be\\\/index.php\\\/boutique\\\/\"},{\"@type\":\"ListItem\",\"position\":3,\"name\":\"Moulin Eureka Mignon Specialit\u00e0\"}]},{\"@type\":\"WebSite\",\"@id\":\"https:\\\/\\\/preko-shop.be\\\/#website\",\"url\":\"https:\\\/\\\/preko-shop.be\\\/\",\"name\":\"Caf\u00e9s Preko - Boutique caf\u00e9 et barista\",\"description\":\"Boutique Caf\u00e9 et Barista\",\"publisher\":{\"@id\":\"https:\\\/\\\/preko-shop.be\\\/#organization\"},\"potentialAction\":[{\"@type\":\"SearchAction\",\"target\":{\"@type\":\"EntryPoint\",\"urlTemplate\":\"https:\\\/\\\/preko-shop.be\\\/?s={search_term_string}\"},\"query-input\":{\"@type\":\"PropertyValueSpecification\",\"valueRequired\":true,\"valueName\":\"search_term_string\"}}],\"inLanguage\":\"fr-FR\"},{\"@type\":\"Organization\",\"@id\":\"https:\\\/\\\/preko-shop.be\\\/#organization\",\"name\":\"Caf\u00e9s Preko\",\"url\":\"https:\\\/\\\/preko-shop.be\\\/\",\"logo\":{\"@type\":\"ImageObject\",\"inLanguage\":\"fr-FR\",\"@id\":\"https:\\\/\\\/preko-shop.be\\\/#\\\/schema\\\/logo\\\/image\\\/\",\"url\":\"https:\\\/\\\/preko-shop.be\\\/wp-content\\\/uploads\\\/2020\\\/03\\\/cropped-logo_preko_0-5.png\",\"contentUrl\":\"https:\\\/\\\/preko-shop.be\\\/wp-content\\\/uploads\\\/2020\\\/03\\\/cropped-logo_preko_0-5.png\",\"width\":842,\"height\":232,\"caption\":\"Caf\u00e9s Preko\"},\"image\":{\"@id\":\"https:\\\/\\\/preko-shop.be\\\/#\\\/schema\\\/logo\\\/image\\\/\"},\"sameAs\":[\"https:\\\/\\\/www.facebook.com\\\/CafesPreko\",\"https:\\\/\\\/www.instagram.com\\\/cafespreko\\\/?hl=fr\"]}]}<\/script>\n<!-- \/ Yoast SEO plugin. -->","yoast_head_json":{"title":"Moulin Eureka Mignon Specialit\u00e0 - Caf\u00e9s Preko","robots":{"index":"index","follow":"follow","max-snippet":"max-snippet:-1","max-image-preview":"max-image-preview:large","max-video-preview":"max-video-preview:-1"},"canonical":"https:\/\/preko-shop.be\/index.php\/produit\/moulin-a-cafe-on-demand\/","og_locale":"fr_FR","og_type":"article","og_title":"Moulin Eureka Mignon Specialit\u00e0 - Caf\u00e9s Preko","og_description":"Moulin \u00e0 caf\u00e9 semi-professionnel noire avec finition chrome. Granulom\u00e9trie programmable facilement et pr\u00e9cis\u00e9ment Ecran tactile avec deux doses programmable au dizi\u00e8me de seconde pr\u00e8s Capacit\u00e9 globe: 300gr Meules de 55m &nbsp; Fond\u00e9e en 1920 par Aurelio Conti \u00e0 Florence, en Italie, Eureka est une marque de r\u00e9f\u00e9rence mondiale dans la conception de moulins \u00e0 caf\u00e9 [&hellip;]","og_url":"https:\/\/preko-shop.be\/index.php\/produit\/moulin-a-cafe-on-demand\/","og_site_name":"Caf\u00e9s Preko","article_publisher":"https:\/\/www.facebook.com\/CafesPreko","article_modified_time":"2026-02-20T15:28:08+00:00","og_image":[{"width":1000,"height":1000,"url":"https:\/\/preko-shop.be\/wp-content\/uploads\/2020\/03\/Mignon-Specialita.jpg","type":"image\/jpeg"}],"twitter_card":"summary_large_image","twitter_misc":{"Dur\u00e9e de lecture estim\u00e9e":"1 minute"},"schema":{"@context":"https:\/\/schema.org","@graph":[{"@type":"WebPage","@id":"https:\/\/preko-shop.be\/index.php\/produit\/moulin-a-cafe-on-demand\/","url":"https:\/\/preko-shop.be\/index.php\/produit\/moulin-a-cafe-on-demand\/","name":"Moulin Eureka Mignon Specialit\u00e0 - Caf\u00e9s Preko","isPartOf":{"@id":"https:\/\/preko-shop.be\/#website"},"primaryImageOfPage":{"@id":"https:\/\/preko-shop.be\/index.php\/produit\/moulin-a-cafe-on-demand\/#primaryimage"},"image":{"@id":"https:\/\/preko-shop.be\/index.php\/produit\/moulin-a-cafe-on-demand\/#primaryimage"},"thumbnailUrl":"https:\/\/preko-shop.be\/wp-content\/uploads\/2020\/03\/Mignon-Specialita.jpg","datePublished":"2020-03-26T16:36:21+00:00","dateModified":"2026-02-20T15:28:08+00:00","breadcrumb":{"@id":"https:\/\/preko-shop.be\/index.php\/produit\/moulin-a-cafe-on-demand\/#breadcrumb"},"inLanguage":"fr-FR","potentialAction":[{"@type":"ReadAction","target":["https:\/\/preko-shop.be\/index.php\/produit\/moulin-a-cafe-on-demand\/"]}]},{"@type":"ImageObject","inLanguage":"fr-FR","@id":"https:\/\/preko-shop.be\/index.php\/produit\/moulin-a-cafe-on-demand\/#primaryimage","url":"https:\/\/preko-shop.be\/wp-content\/uploads\/2020\/03\/Mignon-Specialita.jpg","contentUrl":"https:\/\/preko-shop.be\/wp-content\/uploads\/2020\/03\/Mignon-Specialita.jpg","width":1000,"height":1000},{"@type":"BreadcrumbList","@id":"https:\/\/preko-shop.be\/index.php\/produit\/moulin-a-cafe-on-demand\/#breadcrumb","itemListElement":[{"@type":"ListItem","position":1,"name":"Accueil","item":"https:\/\/preko-shop.be\/"},{"@type":"ListItem","position":2,"name":"Boutique","item":"https:\/\/preko-shop.be\/index.php\/boutique\/"},{"@type":"ListItem","position":3,"name":"Moulin Eureka Mignon Specialit\u00e0"}]},{"@type":"WebSite","@id":"https:\/\/preko-shop.be\/#website","url":"https:\/\/preko-shop.be\/","name":"Caf\u00e9s Preko - Boutique caf\u00e9 et barista","description":"Boutique Caf\u00e9 et Barista","publisher":{"@id":"https:\/\/preko-shop.be\/#organization"},"potentialAction":[{"@type":"SearchAction","target":{"@type":"EntryPoint","urlTemplate":"https:\/\/preko-shop.be\/?s={search_term_string}"},"query-input":{"@type":"PropertyValueSpecification","valueRequired":true,"valueName":"search_term_string"}}],"inLanguage":"fr-FR"},{"@type":"Organization","@id":"https:\/\/preko-shop.be\/#organization","name":"Caf\u00e9s Preko","url":"https:\/\/preko-shop.be\/","logo":{"@type":"ImageObject","inLanguage":"fr-FR","@id":"https:\/\/preko-shop.be\/#\/schema\/logo\/image\/","url":"https:\/\/preko-shop.be\/wp-content\/uploads\/2020\/03\/cropped-logo_preko_0-5.png","contentUrl":"https:\/\/preko-shop.be\/wp-content\/uploads\/2020\/03\/cropped-logo_preko_0-5.png","width":842,"height":232,"caption":"Caf\u00e9s Preko"},"image":{"@id":"https:\/\/preko-shop.be\/#\/schema\/logo\/image\/"},"sameAs":["https:\/\/www.facebook.com\/CafesPreko","https:\/\/www.instagram.com\/cafespreko\/?hl=fr"]}]}},"_links":{"self":[{"href":"https:\/\/preko-shop.be\/index.php\/wp-json\/wp\/v2\/product\/128","targetHints":{"allow":["GET"]}}],"collection":[{"href":"https:\/\/preko-shop.be\/index.php\/wp-json\/wp\/v2\/product"}],"about":[{"href":"https:\/\/preko-shop.be\/index.php\/wp-json\/wp\/v2\/types\/product"}],"replies":[{"embeddable":true,"href":"https:\/\/preko-shop.be\/index.php\/wp-json\/wp\/v2\/comments?post=128"}],"wp:featuredmedia":[{"embeddable":true,"href":"https:\/\/preko-shop.be\/index.php\/wp-json\/wp\/v2\/media\/2858"}],"wp:attachment":[{"href":"https:\/\/preko-shop.be\/index.php\/wp-json\/wp\/v2\/media?parent=128"}],"wp:term":[{"taxonomy":"product_brand","embeddable":true,"href":"https:\/\/preko-shop.be\/index.php\/wp-json\/wp\/v2\/product_brand?post=128"},{"taxonomy":"product_cat","embeddable":true,"href":"https:\/\/preko-shop.be\/index.php\/wp-json\/wp\/v2\/product_cat?post=128"},{"taxonomy":"product_tag","embeddable":true,"href":"https:\/\/preko-shop.be\/index.php\/wp-json\/wp\/v2\/product_tag?post=128"}],"curies":[{"name":"wp","href":"https:\/\/api.w.org\/{rel}","templated":true}]}}