{"id":1267,"date":"2022-12-15T16:54:06","date_gmt":"2022-12-15T15:54:06","guid":{"rendered":"https:\/\/preko-shop.be\/?post_type=product&#038;p=1267"},"modified":"2025-03-13T15:20:22","modified_gmt":"2025-03-13T14:20:22","slug":"pack-tre-fratelli-3-x-1kg-moulu","status":"publish","type":"product","link":"https:\/\/preko-shop.be\/index.php\/produit\/pack-tre-fratelli-3-x-1kg-moulu\/","title":{"rendered":"Pack Tre Fratelli (3 x 1kg) Moulu"},"content":{"rendered":"<p>Ce pack se compose de:<\/p>\n<p>1 kg Milano Lungo<\/p>\n<p>1 kg Roma Espresso<\/p>\n<p>1kg Napoli Ristretto<\/p>\n<p>L&rsquo;id\u00e9al pour d\u00e9couvrir la gamme Fratelli Gambini !<\/p>\n<p>&nbsp;<\/p>\n<p>Caf\u00e9 MOULU<\/p>\n","protected":false},"excerpt":{"rendered":"<p>Ce pack se compose de: 1 kg Milano Lungo 1 kg Roma Espresso 1kg Napoli Ristretto L&rsquo;id\u00e9al pour d\u00e9couvrir la gamme Fratelli Gambini ! &nbsp; Caf\u00e9 MOULU<\/p>\n","protected":false},"featured_media":1266,"comment_status":"closed","ping_status":"closed","template":"","meta":[],"product_brand":[],"product_cat":[29,15,21],"product_tag":[],"class_list":{"0":"post-1267","1":"product","2":"type-product","3":"status-publish","4":"has-post-thumbnail","6":"product_cat-cadeaux","7":"product_cat-moulu","8":"product_cat-nouveautes","10":"entry","11":"has-media","13":"first","14":"instock","15":"sale","16":"taxable","17":"shipping-taxable","18":"purchasable","19":"product-type-simple","20":"has-product-nav","21":"col","22":"span_1_of_3","23":"owp-content-center","24":"owp-thumbs-layout-horizontal","25":"owp-btn-normal","26":"owp-tabs-layout-horizontal","27":"has-no-thumbnails"},"yoast_head":"<!-- This site is optimized with the Yoast SEO plugin v27.3 - https:\/\/yoast.com\/product\/yoast-seo-wordpress\/ -->\n<title>Pack Tre Fratelli (3 x 1kg) Moulu - Caf\u00e9s Preko<\/title>\n<meta name=\"robots\" content=\"index, follow, max-snippet:-1, max-image-preview:large, max-video-preview:-1\" \/>\n<link rel=\"canonical\" href=\"https:\/\/preko-shop.be\/index.php\/produit\/pack-tre-fratelli-3-x-1kg-moulu\/\" \/>\n<meta property=\"og:locale\" content=\"fr_FR\" \/>\n<meta property=\"og:type\" content=\"article\" \/>\n<meta property=\"og:title\" content=\"Pack Tre Fratelli (3 x 1kg) Moulu - Caf\u00e9s Preko\" \/>\n<meta property=\"og:description\" content=\"Ce pack se compose de: 1 kg Milano Lungo 1 kg Roma Espresso 1kg Napoli Ristretto L&rsquo;id\u00e9al pour d\u00e9couvrir la gamme Fratelli Gambini ! &nbsp; Caf\u00e9 MOULU\" \/>\n<meta property=\"og:url\" content=\"https:\/\/preko-shop.be\/index.php\/produit\/pack-tre-fratelli-3-x-1kg-moulu\/\" \/>\n<meta property=\"og:site_name\" content=\"Caf\u00e9s Preko\" \/>\n<meta property=\"article:publisher\" content=\"https:\/\/www.facebook.com\/CafesPreko\" \/>\n<meta property=\"article:modified_time\" content=\"2025-03-13T14:20:22+00:00\" \/>\n<meta property=\"og:image\" content=\"https:\/\/preko-shop.be\/wp-content\/uploads\/2022\/12\/1000001438-01-scaled.jpeg\" \/>\n\t<meta property=\"og:image:width\" content=\"2560\" \/>\n\t<meta property=\"og:image:height\" content=\"2362\" \/>\n\t<meta property=\"og:image:type\" content=\"image\/jpeg\" \/>\n<meta name=\"twitter:card\" content=\"summary_large_image\" \/>\n<script type=\"application\/ld+json\" class=\"yoast-schema-graph\">{\"@context\":\"https:\\\/\\\/schema.org\",\"@graph\":[{\"@type\":\"WebPage\",\"@id\":\"https:\\\/\\\/preko-shop.be\\\/index.php\\\/produit\\\/pack-tre-fratelli-3-x-1kg-moulu\\\/\",\"url\":\"https:\\\/\\\/preko-shop.be\\\/index.php\\\/produit\\\/pack-tre-fratelli-3-x-1kg-moulu\\\/\",\"name\":\"Pack Tre Fratelli (3 x 1kg) Moulu - Caf\u00e9s Preko\",\"isPartOf\":{\"@id\":\"https:\\\/\\\/preko-shop.be\\\/#website\"},\"primaryImageOfPage\":{\"@id\":\"https:\\\/\\\/preko-shop.be\\\/index.php\\\/produit\\\/pack-tre-fratelli-3-x-1kg-moulu\\\/#primaryimage\"},\"image\":{\"@id\":\"https:\\\/\\\/preko-shop.be\\\/index.php\\\/produit\\\/pack-tre-fratelli-3-x-1kg-moulu\\\/#primaryimage\"},\"thumbnailUrl\":\"https:\\\/\\\/preko-shop.be\\\/wp-content\\\/uploads\\\/2022\\\/12\\\/1000001438-01-scaled.jpeg\",\"datePublished\":\"2022-12-15T15:54:06+00:00\",\"dateModified\":\"2025-03-13T14:20:22+00:00\",\"breadcrumb\":{\"@id\":\"https:\\\/\\\/preko-shop.be\\\/index.php\\\/produit\\\/pack-tre-fratelli-3-x-1kg-moulu\\\/#breadcrumb\"},\"inLanguage\":\"fr-FR\",\"potentialAction\":[{\"@type\":\"ReadAction\",\"target\":[\"https:\\\/\\\/preko-shop.be\\\/index.php\\\/produit\\\/pack-tre-fratelli-3-x-1kg-moulu\\\/\"]}]},{\"@type\":\"ImageObject\",\"inLanguage\":\"fr-FR\",\"@id\":\"https:\\\/\\\/preko-shop.be\\\/index.php\\\/produit\\\/pack-tre-fratelli-3-x-1kg-moulu\\\/#primaryimage\",\"url\":\"https:\\\/\\\/preko-shop.be\\\/wp-content\\\/uploads\\\/2022\\\/12\\\/1000001438-01-scaled.jpeg\",\"contentUrl\":\"https:\\\/\\\/preko-shop.be\\\/wp-content\\\/uploads\\\/2022\\\/12\\\/1000001438-01-scaled.jpeg\",\"width\":2560,\"height\":2362},{\"@type\":\"BreadcrumbList\",\"@id\":\"https:\\\/\\\/preko-shop.be\\\/index.php\\\/produit\\\/pack-tre-fratelli-3-x-1kg-moulu\\\/#breadcrumb\",\"itemListElement\":[{\"@type\":\"ListItem\",\"position\":1,\"name\":\"Accueil\",\"item\":\"https:\\\/\\\/preko-shop.be\\\/\"},{\"@type\":\"ListItem\",\"position\":2,\"name\":\"Boutique\",\"item\":\"https:\\\/\\\/preko-shop.be\\\/index.php\\\/boutique\\\/\"},{\"@type\":\"ListItem\",\"position\":3,\"name\":\"Pack Tre Fratelli (3 x 1kg) Moulu\"}]},{\"@type\":\"WebSite\",\"@id\":\"https:\\\/\\\/preko-shop.be\\\/#website\",\"url\":\"https:\\\/\\\/preko-shop.be\\\/\",\"name\":\"Caf\u00e9s Preko - Boutique caf\u00e9 et barista\",\"description\":\"Boutique Caf\u00e9 et Barista\",\"publisher\":{\"@id\":\"https:\\\/\\\/preko-shop.be\\\/#organization\"},\"potentialAction\":[{\"@type\":\"SearchAction\",\"target\":{\"@type\":\"EntryPoint\",\"urlTemplate\":\"https:\\\/\\\/preko-shop.be\\\/?s={search_term_string}\"},\"query-input\":{\"@type\":\"PropertyValueSpecification\",\"valueRequired\":true,\"valueName\":\"search_term_string\"}}],\"inLanguage\":\"fr-FR\"},{\"@type\":\"Organization\",\"@id\":\"https:\\\/\\\/preko-shop.be\\\/#organization\",\"name\":\"Caf\u00e9s Preko\",\"url\":\"https:\\\/\\\/preko-shop.be\\\/\",\"logo\":{\"@type\":\"ImageObject\",\"inLanguage\":\"fr-FR\",\"@id\":\"https:\\\/\\\/preko-shop.be\\\/#\\\/schema\\\/logo\\\/image\\\/\",\"url\":\"https:\\\/\\\/preko-shop.be\\\/wp-content\\\/uploads\\\/2020\\\/03\\\/cropped-logo_preko_0-5.png\",\"contentUrl\":\"https:\\\/\\\/preko-shop.be\\\/wp-content\\\/uploads\\\/2020\\\/03\\\/cropped-logo_preko_0-5.png\",\"width\":842,\"height\":232,\"caption\":\"Caf\u00e9s Preko\"},\"image\":{\"@id\":\"https:\\\/\\\/preko-shop.be\\\/#\\\/schema\\\/logo\\\/image\\\/\"},\"sameAs\":[\"https:\\\/\\\/www.facebook.com\\\/CafesPreko\",\"https:\\\/\\\/www.instagram.com\\\/cafespreko\\\/?hl=fr\"]}]}<\/script>\n<!-- \/ Yoast SEO plugin. -->","yoast_head_json":{"title":"Pack Tre Fratelli (3 x 1kg) Moulu - Caf\u00e9s Preko","robots":{"index":"index","follow":"follow","max-snippet":"max-snippet:-1","max-image-preview":"max-image-preview:large","max-video-preview":"max-video-preview:-1"},"canonical":"https:\/\/preko-shop.be\/index.php\/produit\/pack-tre-fratelli-3-x-1kg-moulu\/","og_locale":"fr_FR","og_type":"article","og_title":"Pack Tre Fratelli (3 x 1kg) Moulu - Caf\u00e9s Preko","og_description":"Ce pack se compose de: 1 kg Milano Lungo 1 kg Roma Espresso 1kg Napoli Ristretto L&rsquo;id\u00e9al pour d\u00e9couvrir la gamme Fratelli Gambini ! &nbsp; Caf\u00e9 MOULU","og_url":"https:\/\/preko-shop.be\/index.php\/produit\/pack-tre-fratelli-3-x-1kg-moulu\/","og_site_name":"Caf\u00e9s Preko","article_publisher":"https:\/\/www.facebook.com\/CafesPreko","article_modified_time":"2025-03-13T14:20:22+00:00","og_image":[{"width":2560,"height":2362,"url":"https:\/\/preko-shop.be\/wp-content\/uploads\/2022\/12\/1000001438-01-scaled.jpeg","type":"image\/jpeg"}],"twitter_card":"summary_large_image","schema":{"@context":"https:\/\/schema.org","@graph":[{"@type":"WebPage","@id":"https:\/\/preko-shop.be\/index.php\/produit\/pack-tre-fratelli-3-x-1kg-moulu\/","url":"https:\/\/preko-shop.be\/index.php\/produit\/pack-tre-fratelli-3-x-1kg-moulu\/","name":"Pack Tre Fratelli (3 x 1kg) Moulu - Caf\u00e9s Preko","isPartOf":{"@id":"https:\/\/preko-shop.be\/#website"},"primaryImageOfPage":{"@id":"https:\/\/preko-shop.be\/index.php\/produit\/pack-tre-fratelli-3-x-1kg-moulu\/#primaryimage"},"image":{"@id":"https:\/\/preko-shop.be\/index.php\/produit\/pack-tre-fratelli-3-x-1kg-moulu\/#primaryimage"},"thumbnailUrl":"https:\/\/preko-shop.be\/wp-content\/uploads\/2022\/12\/1000001438-01-scaled.jpeg","datePublished":"2022-12-15T15:54:06+00:00","dateModified":"2025-03-13T14:20:22+00:00","breadcrumb":{"@id":"https:\/\/preko-shop.be\/index.php\/produit\/pack-tre-fratelli-3-x-1kg-moulu\/#breadcrumb"},"inLanguage":"fr-FR","potentialAction":[{"@type":"ReadAction","target":["https:\/\/preko-shop.be\/index.php\/produit\/pack-tre-fratelli-3-x-1kg-moulu\/"]}]},{"@type":"ImageObject","inLanguage":"fr-FR","@id":"https:\/\/preko-shop.be\/index.php\/produit\/pack-tre-fratelli-3-x-1kg-moulu\/#primaryimage","url":"https:\/\/preko-shop.be\/wp-content\/uploads\/2022\/12\/1000001438-01-scaled.jpeg","contentUrl":"https:\/\/preko-shop.be\/wp-content\/uploads\/2022\/12\/1000001438-01-scaled.jpeg","width":2560,"height":2362},{"@type":"BreadcrumbList","@id":"https:\/\/preko-shop.be\/index.php\/produit\/pack-tre-fratelli-3-x-1kg-moulu\/#breadcrumb","itemListElement":[{"@type":"ListItem","position":1,"name":"Accueil","item":"https:\/\/preko-shop.be\/"},{"@type":"ListItem","position":2,"name":"Boutique","item":"https:\/\/preko-shop.be\/index.php\/boutique\/"},{"@type":"ListItem","position":3,"name":"Pack Tre Fratelli (3 x 1kg) Moulu"}]},{"@type":"WebSite","@id":"https:\/\/preko-shop.be\/#website","url":"https:\/\/preko-shop.be\/","name":"Caf\u00e9s Preko - Boutique caf\u00e9 et barista","description":"Boutique Caf\u00e9 et Barista","publisher":{"@id":"https:\/\/preko-shop.be\/#organization"},"potentialAction":[{"@type":"SearchAction","target":{"@type":"EntryPoint","urlTemplate":"https:\/\/preko-shop.be\/?s={search_term_string}"},"query-input":{"@type":"PropertyValueSpecification","valueRequired":true,"valueName":"search_term_string"}}],"inLanguage":"fr-FR"},{"@type":"Organization","@id":"https:\/\/preko-shop.be\/#organization","name":"Caf\u00e9s Preko","url":"https:\/\/preko-shop.be\/","logo":{"@type":"ImageObject","inLanguage":"fr-FR","@id":"https:\/\/preko-shop.be\/#\/schema\/logo\/image\/","url":"https:\/\/preko-shop.be\/wp-content\/uploads\/2020\/03\/cropped-logo_preko_0-5.png","contentUrl":"https:\/\/preko-shop.be\/wp-content\/uploads\/2020\/03\/cropped-logo_preko_0-5.png","width":842,"height":232,"caption":"Caf\u00e9s Preko"},"image":{"@id":"https:\/\/preko-shop.be\/#\/schema\/logo\/image\/"},"sameAs":["https:\/\/www.facebook.com\/CafesPreko","https:\/\/www.instagram.com\/cafespreko\/?hl=fr"]}]}},"_links":{"self":[{"href":"https:\/\/preko-shop.be\/index.php\/wp-json\/wp\/v2\/product\/1267","targetHints":{"allow":["GET"]}}],"collection":[{"href":"https:\/\/preko-shop.be\/index.php\/wp-json\/wp\/v2\/product"}],"about":[{"href":"https:\/\/preko-shop.be\/index.php\/wp-json\/wp\/v2\/types\/product"}],"replies":[{"embeddable":true,"href":"https:\/\/preko-shop.be\/index.php\/wp-json\/wp\/v2\/comments?post=1267"}],"wp:featuredmedia":[{"embeddable":true,"href":"https:\/\/preko-shop.be\/index.php\/wp-json\/wp\/v2\/media\/1266"}],"wp:attachment":[{"href":"https:\/\/preko-shop.be\/index.php\/wp-json\/wp\/v2\/media?parent=1267"}],"wp:term":[{"taxonomy":"product_brand","embeddable":true,"href":"https:\/\/preko-shop.be\/index.php\/wp-json\/wp\/v2\/product_brand?post=1267"},{"taxonomy":"product_cat","embeddable":true,"href":"https:\/\/preko-shop.be\/index.php\/wp-json\/wp\/v2\/product_cat?post=1267"},{"taxonomy":"product_tag","embeddable":true,"href":"https:\/\/preko-shop.be\/index.php\/wp-json\/wp\/v2\/product_tag?post=1267"}],"curies":[{"name":"wp","href":"https:\/\/api.w.org\/{rel}","templated":true}]}}