{"id":121,"date":"2020-03-26T17:21:21","date_gmt":"2020-03-26T16:21:21","guid":{"rendered":"http:\/\/preko-shop.be\/?post_type=product&#038;p=121"},"modified":"2025-03-13T15:17:59","modified_gmt":"2025-03-13T14:17:59","slug":"cafe-bio-grain-1kg","status":"publish","type":"product","link":"https:\/\/preko-shop.be\/index.php\/produit\/cafe-bio-grain-1kg\/","title":{"rendered":"Caf\u00e9 Bio Grain 1kg"},"content":{"rendered":"<p>Intensit\u00e9 7<\/p>\n<p>Un caf\u00e9 Preko BIO, c\u2019est un caf\u00e9 bien \u00e9quilibr\u00e9, avec un bel ar\u00f4me et au final un go\u00fbt fruit\u00e9. C\u2019est un assemblage de caf\u00e9s de sp\u00e9cialit\u00e9 du Mexique et de Colombie, cultiv\u00e9s et r\u00e9colt\u00e9s suivant les normes de la certification des caf\u00e9s biologiques.<\/p>\n<div>Certifi\u00e9 Bio Certisys BE-BIO-01<\/div>\n","protected":false},"excerpt":{"rendered":"<p>Intensit\u00e9 7 Un caf\u00e9 Preko BIO, c\u2019est un caf\u00e9 bien \u00e9quilibr\u00e9, avec un bel ar\u00f4me et au final un go\u00fbt fruit\u00e9. C\u2019est un assemblage de caf\u00e9s de sp\u00e9cialit\u00e9 du Mexique et de Colombie, cultiv\u00e9s et r\u00e9colt\u00e9s suivant les normes de la certification des caf\u00e9s biologiques. Certifi\u00e9 Bio Certisys BE-BIO-01<\/p>\n","protected":false},"featured_media":1441,"comment_status":"open","ping_status":"closed","template":"","meta":[],"product_brand":[],"product_cat":[18,21],"product_tag":[],"class_list":{"0":"post-121","1":"product","2":"type-product","3":"status-publish","4":"has-post-thumbnail","6":"product_cat-grain","7":"product_cat-nouveautes","9":"entry","10":"has-media","12":"first","13":"instock","14":"taxable","15":"shipping-taxable","16":"purchasable","17":"product-type-simple","18":"has-product-nav","19":"col","20":"span_1_of_3","21":"owp-content-center","22":"owp-thumbs-layout-horizontal","23":"owp-btn-normal","24":"owp-tabs-layout-horizontal","25":"has-no-thumbnails"},"yoast_head":"<!-- This site is optimized with the Yoast SEO plugin v27.3 - https:\/\/yoast.com\/product\/yoast-seo-wordpress\/ -->\n<title>Caf\u00e9 Bio Grain 1kg - Caf\u00e9s Preko<\/title>\n<meta name=\"robots\" content=\"index, follow, max-snippet:-1, max-image-preview:large, max-video-preview:-1\" \/>\n<link rel=\"canonical\" href=\"https:\/\/preko-shop.be\/index.php\/produit\/cafe-bio-grain-1kg\/\" \/>\n<meta property=\"og:locale\" content=\"fr_FR\" \/>\n<meta property=\"og:type\" content=\"article\" \/>\n<meta property=\"og:title\" content=\"Caf\u00e9 Bio Grain 1kg - Caf\u00e9s Preko\" \/>\n<meta property=\"og:description\" content=\"Intensit\u00e9 7 Un caf\u00e9 Preko BIO, c\u2019est un caf\u00e9 bien \u00e9quilibr\u00e9, avec un bel ar\u00f4me et au final un go\u00fbt fruit\u00e9. C\u2019est un assemblage de caf\u00e9s de sp\u00e9cialit\u00e9 du Mexique et de Colombie, cultiv\u00e9s et r\u00e9colt\u00e9s suivant les normes de la certification des caf\u00e9s biologiques. Certifi\u00e9 Bio Certisys BE-BIO-01\" \/>\n<meta property=\"og:url\" content=\"https:\/\/preko-shop.be\/index.php\/produit\/cafe-bio-grain-1kg\/\" \/>\n<meta property=\"og:site_name\" content=\"Caf\u00e9s Preko\" \/>\n<meta property=\"article:publisher\" content=\"https:\/\/www.facebook.com\/CafesPreko\" \/>\n<meta property=\"article:modified_time\" content=\"2025-03-13T14:17:59+00:00\" \/>\n<meta property=\"og:image\" content=\"https:\/\/preko-shop.be\/wp-content\/uploads\/2020\/03\/Bio-Grains.jpg\" \/>\n\t<meta property=\"og:image:width\" content=\"1080\" \/>\n\t<meta property=\"og:image:height\" content=\"1080\" \/>\n\t<meta property=\"og:image:type\" content=\"image\/jpeg\" \/>\n<meta name=\"twitter:card\" content=\"summary_large_image\" \/>\n<script type=\"application\/ld+json\" class=\"yoast-schema-graph\">{\"@context\":\"https:\\\/\\\/schema.org\",\"@graph\":[{\"@type\":\"WebPage\",\"@id\":\"https:\\\/\\\/preko-shop.be\\\/index.php\\\/produit\\\/cafe-bio-grain-1kg\\\/\",\"url\":\"https:\\\/\\\/preko-shop.be\\\/index.php\\\/produit\\\/cafe-bio-grain-1kg\\\/\",\"name\":\"Caf\u00e9 Bio Grain 1kg - Caf\u00e9s Preko\",\"isPartOf\":{\"@id\":\"https:\\\/\\\/preko-shop.be\\\/#website\"},\"primaryImageOfPage\":{\"@id\":\"https:\\\/\\\/preko-shop.be\\\/index.php\\\/produit\\\/cafe-bio-grain-1kg\\\/#primaryimage\"},\"image\":{\"@id\":\"https:\\\/\\\/preko-shop.be\\\/index.php\\\/produit\\\/cafe-bio-grain-1kg\\\/#primaryimage\"},\"thumbnailUrl\":\"https:\\\/\\\/preko-shop.be\\\/wp-content\\\/uploads\\\/2020\\\/03\\\/Bio-Grains.jpg\",\"datePublished\":\"2020-03-26T16:21:21+00:00\",\"dateModified\":\"2025-03-13T14:17:59+00:00\",\"breadcrumb\":{\"@id\":\"https:\\\/\\\/preko-shop.be\\\/index.php\\\/produit\\\/cafe-bio-grain-1kg\\\/#breadcrumb\"},\"inLanguage\":\"fr-FR\",\"potentialAction\":[{\"@type\":\"ReadAction\",\"target\":[\"https:\\\/\\\/preko-shop.be\\\/index.php\\\/produit\\\/cafe-bio-grain-1kg\\\/\"]}]},{\"@type\":\"ImageObject\",\"inLanguage\":\"fr-FR\",\"@id\":\"https:\\\/\\\/preko-shop.be\\\/index.php\\\/produit\\\/cafe-bio-grain-1kg\\\/#primaryimage\",\"url\":\"https:\\\/\\\/preko-shop.be\\\/wp-content\\\/uploads\\\/2020\\\/03\\\/Bio-Grains.jpg\",\"contentUrl\":\"https:\\\/\\\/preko-shop.be\\\/wp-content\\\/uploads\\\/2020\\\/03\\\/Bio-Grains.jpg\",\"width\":1080,\"height\":1080},{\"@type\":\"BreadcrumbList\",\"@id\":\"https:\\\/\\\/preko-shop.be\\\/index.php\\\/produit\\\/cafe-bio-grain-1kg\\\/#breadcrumb\",\"itemListElement\":[{\"@type\":\"ListItem\",\"position\":1,\"name\":\"Accueil\",\"item\":\"https:\\\/\\\/preko-shop.be\\\/\"},{\"@type\":\"ListItem\",\"position\":2,\"name\":\"Boutique\",\"item\":\"https:\\\/\\\/preko-shop.be\\\/index.php\\\/boutique\\\/\"},{\"@type\":\"ListItem\",\"position\":3,\"name\":\"Caf\u00e9 Bio Grain 1kg\"}]},{\"@type\":\"WebSite\",\"@id\":\"https:\\\/\\\/preko-shop.be\\\/#website\",\"url\":\"https:\\\/\\\/preko-shop.be\\\/\",\"name\":\"Caf\u00e9s Preko - Boutique caf\u00e9 et barista\",\"description\":\"Boutique Caf\u00e9 et Barista\",\"publisher\":{\"@id\":\"https:\\\/\\\/preko-shop.be\\\/#organization\"},\"potentialAction\":[{\"@type\":\"SearchAction\",\"target\":{\"@type\":\"EntryPoint\",\"urlTemplate\":\"https:\\\/\\\/preko-shop.be\\\/?s={search_term_string}\"},\"query-input\":{\"@type\":\"PropertyValueSpecification\",\"valueRequired\":true,\"valueName\":\"search_term_string\"}}],\"inLanguage\":\"fr-FR\"},{\"@type\":\"Organization\",\"@id\":\"https:\\\/\\\/preko-shop.be\\\/#organization\",\"name\":\"Caf\u00e9s Preko\",\"url\":\"https:\\\/\\\/preko-shop.be\\\/\",\"logo\":{\"@type\":\"ImageObject\",\"inLanguage\":\"fr-FR\",\"@id\":\"https:\\\/\\\/preko-shop.be\\\/#\\\/schema\\\/logo\\\/image\\\/\",\"url\":\"https:\\\/\\\/preko-shop.be\\\/wp-content\\\/uploads\\\/2020\\\/03\\\/cropped-logo_preko_0-5.png\",\"contentUrl\":\"https:\\\/\\\/preko-shop.be\\\/wp-content\\\/uploads\\\/2020\\\/03\\\/cropped-logo_preko_0-5.png\",\"width\":842,\"height\":232,\"caption\":\"Caf\u00e9s Preko\"},\"image\":{\"@id\":\"https:\\\/\\\/preko-shop.be\\\/#\\\/schema\\\/logo\\\/image\\\/\"},\"sameAs\":[\"https:\\\/\\\/www.facebook.com\\\/CafesPreko\",\"https:\\\/\\\/www.instagram.com\\\/cafespreko\\\/?hl=fr\"]}]}<\/script>\n<!-- \/ Yoast SEO plugin. -->","yoast_head_json":{"title":"Caf\u00e9 Bio Grain 1kg - Caf\u00e9s Preko","robots":{"index":"index","follow":"follow","max-snippet":"max-snippet:-1","max-image-preview":"max-image-preview:large","max-video-preview":"max-video-preview:-1"},"canonical":"https:\/\/preko-shop.be\/index.php\/produit\/cafe-bio-grain-1kg\/","og_locale":"fr_FR","og_type":"article","og_title":"Caf\u00e9 Bio Grain 1kg - Caf\u00e9s Preko","og_description":"Intensit\u00e9 7 Un caf\u00e9 Preko BIO, c\u2019est un caf\u00e9 bien \u00e9quilibr\u00e9, avec un bel ar\u00f4me et au final un go\u00fbt fruit\u00e9. C\u2019est un assemblage de caf\u00e9s de sp\u00e9cialit\u00e9 du Mexique et de Colombie, cultiv\u00e9s et r\u00e9colt\u00e9s suivant les normes de la certification des caf\u00e9s biologiques. Certifi\u00e9 Bio Certisys BE-BIO-01","og_url":"https:\/\/preko-shop.be\/index.php\/produit\/cafe-bio-grain-1kg\/","og_site_name":"Caf\u00e9s Preko","article_publisher":"https:\/\/www.facebook.com\/CafesPreko","article_modified_time":"2025-03-13T14:17:59+00:00","og_image":[{"width":1080,"height":1080,"url":"https:\/\/preko-shop.be\/wp-content\/uploads\/2020\/03\/Bio-Grains.jpg","type":"image\/jpeg"}],"twitter_card":"summary_large_image","schema":{"@context":"https:\/\/schema.org","@graph":[{"@type":"WebPage","@id":"https:\/\/preko-shop.be\/index.php\/produit\/cafe-bio-grain-1kg\/","url":"https:\/\/preko-shop.be\/index.php\/produit\/cafe-bio-grain-1kg\/","name":"Caf\u00e9 Bio Grain 1kg - Caf\u00e9s Preko","isPartOf":{"@id":"https:\/\/preko-shop.be\/#website"},"primaryImageOfPage":{"@id":"https:\/\/preko-shop.be\/index.php\/produit\/cafe-bio-grain-1kg\/#primaryimage"},"image":{"@id":"https:\/\/preko-shop.be\/index.php\/produit\/cafe-bio-grain-1kg\/#primaryimage"},"thumbnailUrl":"https:\/\/preko-shop.be\/wp-content\/uploads\/2020\/03\/Bio-Grains.jpg","datePublished":"2020-03-26T16:21:21+00:00","dateModified":"2025-03-13T14:17:59+00:00","breadcrumb":{"@id":"https:\/\/preko-shop.be\/index.php\/produit\/cafe-bio-grain-1kg\/#breadcrumb"},"inLanguage":"fr-FR","potentialAction":[{"@type":"ReadAction","target":["https:\/\/preko-shop.be\/index.php\/produit\/cafe-bio-grain-1kg\/"]}]},{"@type":"ImageObject","inLanguage":"fr-FR","@id":"https:\/\/preko-shop.be\/index.php\/produit\/cafe-bio-grain-1kg\/#primaryimage","url":"https:\/\/preko-shop.be\/wp-content\/uploads\/2020\/03\/Bio-Grains.jpg","contentUrl":"https:\/\/preko-shop.be\/wp-content\/uploads\/2020\/03\/Bio-Grains.jpg","width":1080,"height":1080},{"@type":"BreadcrumbList","@id":"https:\/\/preko-shop.be\/index.php\/produit\/cafe-bio-grain-1kg\/#breadcrumb","itemListElement":[{"@type":"ListItem","position":1,"name":"Accueil","item":"https:\/\/preko-shop.be\/"},{"@type":"ListItem","position":2,"name":"Boutique","item":"https:\/\/preko-shop.be\/index.php\/boutique\/"},{"@type":"ListItem","position":3,"name":"Caf\u00e9 Bio Grain 1kg"}]},{"@type":"WebSite","@id":"https:\/\/preko-shop.be\/#website","url":"https:\/\/preko-shop.be\/","name":"Caf\u00e9s Preko - Boutique caf\u00e9 et barista","description":"Boutique Caf\u00e9 et Barista","publisher":{"@id":"https:\/\/preko-shop.be\/#organization"},"potentialAction":[{"@type":"SearchAction","target":{"@type":"EntryPoint","urlTemplate":"https:\/\/preko-shop.be\/?s={search_term_string}"},"query-input":{"@type":"PropertyValueSpecification","valueRequired":true,"valueName":"search_term_string"}}],"inLanguage":"fr-FR"},{"@type":"Organization","@id":"https:\/\/preko-shop.be\/#organization","name":"Caf\u00e9s Preko","url":"https:\/\/preko-shop.be\/","logo":{"@type":"ImageObject","inLanguage":"fr-FR","@id":"https:\/\/preko-shop.be\/#\/schema\/logo\/image\/","url":"https:\/\/preko-shop.be\/wp-content\/uploads\/2020\/03\/cropped-logo_preko_0-5.png","contentUrl":"https:\/\/preko-shop.be\/wp-content\/uploads\/2020\/03\/cropped-logo_preko_0-5.png","width":842,"height":232,"caption":"Caf\u00e9s Preko"},"image":{"@id":"https:\/\/preko-shop.be\/#\/schema\/logo\/image\/"},"sameAs":["https:\/\/www.facebook.com\/CafesPreko","https:\/\/www.instagram.com\/cafespreko\/?hl=fr"]}]}},"_links":{"self":[{"href":"https:\/\/preko-shop.be\/index.php\/wp-json\/wp\/v2\/product\/121","targetHints":{"allow":["GET"]}}],"collection":[{"href":"https:\/\/preko-shop.be\/index.php\/wp-json\/wp\/v2\/product"}],"about":[{"href":"https:\/\/preko-shop.be\/index.php\/wp-json\/wp\/v2\/types\/product"}],"replies":[{"embeddable":true,"href":"https:\/\/preko-shop.be\/index.php\/wp-json\/wp\/v2\/comments?post=121"}],"wp:featuredmedia":[{"embeddable":true,"href":"https:\/\/preko-shop.be\/index.php\/wp-json\/wp\/v2\/media\/1441"}],"wp:attachment":[{"href":"https:\/\/preko-shop.be\/index.php\/wp-json\/wp\/v2\/media?parent=121"}],"wp:term":[{"taxonomy":"product_brand","embeddable":true,"href":"https:\/\/preko-shop.be\/index.php\/wp-json\/wp\/v2\/product_brand?post=121"},{"taxonomy":"product_cat","embeddable":true,"href":"https:\/\/preko-shop.be\/index.php\/wp-json\/wp\/v2\/product_cat?post=121"},{"taxonomy":"product_tag","embeddable":true,"href":"https:\/\/preko-shop.be\/index.php\/wp-json\/wp\/v2\/product_tag?post=121"}],"curies":[{"name":"wp","href":"https:\/\/api.w.org\/{rel}","templated":true}]}}