{"id":7,"date":"2020-03-25T16:47:36","date_gmt":"2020-03-25T15:47:36","guid":{"rendered":"http:\/\/preko-shop.be\/index.php\/panier\/"},"modified":"2020-05-25T09:24:51","modified_gmt":"2020-05-25T07:24:51","slug":"panier","status":"publish","type":"page","link":"https:\/\/preko-shop.be\/index.php\/panier\/","title":{"rendered":"Panier"},"content":{"rendered":"\n<p style=\"color:#367b53\" class=\"has-text-color has-text-align-center has-large-font-size\">Livraison gratuite \u00e0 partir de 35 euros d&rsquo;achat ! <\/p>\n\n\n\n","protected":false},"excerpt":{"rendered":"<p>Livraison gratuite \u00e0 partir de 35 euros d&rsquo;achat !<\/p>\n","protected":false},"author":1,"featured_media":0,"parent":0,"menu_order":0,"comment_status":"closed","ping_status":"closed","template":"","meta":{"footnotes":""},"class_list":["post-7","page","type-page","status-publish","hentry","entry","owp-thumbs-layout-horizontal","owp-btn-normal","owp-tabs-layout-horizontal","has-no-thumbnails","has-product-nav"],"yoast_head":"<!-- This site is optimized with the Yoast SEO plugin v27.3 - https:\/\/yoast.com\/product\/yoast-seo-wordpress\/ -->\n<title>Panier - Caf\u00e9s Preko<\/title>\n<meta name=\"robots\" content=\"index, follow, max-snippet:-1, max-image-preview:large, max-video-preview:-1\" \/>\n<link rel=\"canonical\" href=\"https:\/\/preko-shop.be\/index.php\/panier\/\" \/>\n<meta property=\"og:locale\" content=\"fr_FR\" \/>\n<meta property=\"og:type\" content=\"article\" \/>\n<meta property=\"og:title\" content=\"Panier - Caf\u00e9s Preko\" \/>\n<meta property=\"og:description\" content=\"Livraison gratuite \u00e0 partir de 35 euros d&rsquo;achat !\" \/>\n<meta property=\"og:url\" content=\"https:\/\/preko-shop.be\/index.php\/panier\/\" \/>\n<meta property=\"og:site_name\" content=\"Caf\u00e9s Preko\" \/>\n<meta property=\"article:publisher\" content=\"https:\/\/www.facebook.com\/CafesPreko\" \/>\n<meta property=\"article:modified_time\" content=\"2020-05-25T07:24:51+00:00\" \/>\n<meta name=\"twitter:card\" content=\"summary_large_image\" \/>\n<script type=\"application\/ld+json\" class=\"yoast-schema-graph\">{\"@context\":\"https:\\\/\\\/schema.org\",\"@graph\":[{\"@type\":\"WebPage\",\"@id\":\"https:\\\/\\\/preko-shop.be\\\/index.php\\\/panier\\\/\",\"url\":\"https:\\\/\\\/preko-shop.be\\\/index.php\\\/panier\\\/\",\"name\":\"Panier - Caf\u00e9s Preko\",\"isPartOf\":{\"@id\":\"https:\\\/\\\/preko-shop.be\\\/#website\"},\"datePublished\":\"2020-03-25T15:47:36+00:00\",\"dateModified\":\"2020-05-25T07:24:51+00:00\",\"breadcrumb\":{\"@id\":\"https:\\\/\\\/preko-shop.be\\\/index.php\\\/panier\\\/#breadcrumb\"},\"inLanguage\":\"fr-FR\",\"potentialAction\":[{\"@type\":\"ReadAction\",\"target\":[\"https:\\\/\\\/preko-shop.be\\\/index.php\\\/panier\\\/\"]}]},{\"@type\":\"BreadcrumbList\",\"@id\":\"https:\\\/\\\/preko-shop.be\\\/index.php\\\/panier\\\/#breadcrumb\",\"itemListElement\":[{\"@type\":\"ListItem\",\"position\":1,\"name\":\"Accueil\",\"item\":\"https:\\\/\\\/preko-shop.be\\\/\"},{\"@type\":\"ListItem\",\"position\":2,\"name\":\"Panier\"}]},{\"@type\":\"WebSite\",\"@id\":\"https:\\\/\\\/preko-shop.be\\\/#website\",\"url\":\"https:\\\/\\\/preko-shop.be\\\/\",\"name\":\"Caf\u00e9s Preko - Boutique caf\u00e9 et barista\",\"description\":\"Boutique Caf\u00e9 et Barista\",\"publisher\":{\"@id\":\"https:\\\/\\\/preko-shop.be\\\/#organization\"},\"potentialAction\":[{\"@type\":\"SearchAction\",\"target\":{\"@type\":\"EntryPoint\",\"urlTemplate\":\"https:\\\/\\\/preko-shop.be\\\/?s={search_term_string}\"},\"query-input\":{\"@type\":\"PropertyValueSpecification\",\"valueRequired\":true,\"valueName\":\"search_term_string\"}}],\"inLanguage\":\"fr-FR\"},{\"@type\":\"Organization\",\"@id\":\"https:\\\/\\\/preko-shop.be\\\/#organization\",\"name\":\"Caf\u00e9s Preko\",\"url\":\"https:\\\/\\\/preko-shop.be\\\/\",\"logo\":{\"@type\":\"ImageObject\",\"inLanguage\":\"fr-FR\",\"@id\":\"https:\\\/\\\/preko-shop.be\\\/#\\\/schema\\\/logo\\\/image\\\/\",\"url\":\"https:\\\/\\\/preko-shop.be\\\/wp-content\\\/uploads\\\/2020\\\/03\\\/cropped-logo_preko_0-5.png\",\"contentUrl\":\"https:\\\/\\\/preko-shop.be\\\/wp-content\\\/uploads\\\/2020\\\/03\\\/cropped-logo_preko_0-5.png\",\"width\":842,\"height\":232,\"caption\":\"Caf\u00e9s Preko\"},\"image\":{\"@id\":\"https:\\\/\\\/preko-shop.be\\\/#\\\/schema\\\/logo\\\/image\\\/\"},\"sameAs\":[\"https:\\\/\\\/www.facebook.com\\\/CafesPreko\",\"https:\\\/\\\/www.instagram.com\\\/cafespreko\\\/?hl=fr\"]}]}<\/script>\n<!-- \/ Yoast SEO plugin. -->","yoast_head_json":{"title":"Panier - Caf\u00e9s Preko","robots":{"index":"index","follow":"follow","max-snippet":"max-snippet:-1","max-image-preview":"max-image-preview:large","max-video-preview":"max-video-preview:-1"},"canonical":"https:\/\/preko-shop.be\/index.php\/panier\/","og_locale":"fr_FR","og_type":"article","og_title":"Panier - Caf\u00e9s Preko","og_description":"Livraison gratuite \u00e0 partir de 35 euros d&rsquo;achat !","og_url":"https:\/\/preko-shop.be\/index.php\/panier\/","og_site_name":"Caf\u00e9s Preko","article_publisher":"https:\/\/www.facebook.com\/CafesPreko","article_modified_time":"2020-05-25T07:24:51+00:00","twitter_card":"summary_large_image","schema":{"@context":"https:\/\/schema.org","@graph":[{"@type":"WebPage","@id":"https:\/\/preko-shop.be\/index.php\/panier\/","url":"https:\/\/preko-shop.be\/index.php\/panier\/","name":"Panier - Caf\u00e9s Preko","isPartOf":{"@id":"https:\/\/preko-shop.be\/#website"},"datePublished":"2020-03-25T15:47:36+00:00","dateModified":"2020-05-25T07:24:51+00:00","breadcrumb":{"@id":"https:\/\/preko-shop.be\/index.php\/panier\/#breadcrumb"},"inLanguage":"fr-FR","potentialAction":[{"@type":"ReadAction","target":["https:\/\/preko-shop.be\/index.php\/panier\/"]}]},{"@type":"BreadcrumbList","@id":"https:\/\/preko-shop.be\/index.php\/panier\/#breadcrumb","itemListElement":[{"@type":"ListItem","position":1,"name":"Accueil","item":"https:\/\/preko-shop.be\/"},{"@type":"ListItem","position":2,"name":"Panier"}]},{"@type":"WebSite","@id":"https:\/\/preko-shop.be\/#website","url":"https:\/\/preko-shop.be\/","name":"Caf\u00e9s Preko - Boutique caf\u00e9 et barista","description":"Boutique Caf\u00e9 et Barista","publisher":{"@id":"https:\/\/preko-shop.be\/#organization"},"potentialAction":[{"@type":"SearchAction","target":{"@type":"EntryPoint","urlTemplate":"https:\/\/preko-shop.be\/?s={search_term_string}"},"query-input":{"@type":"PropertyValueSpecification","valueRequired":true,"valueName":"search_term_string"}}],"inLanguage":"fr-FR"},{"@type":"Organization","@id":"https:\/\/preko-shop.be\/#organization","name":"Caf\u00e9s Preko","url":"https:\/\/preko-shop.be\/","logo":{"@type":"ImageObject","inLanguage":"fr-FR","@id":"https:\/\/preko-shop.be\/#\/schema\/logo\/image\/","url":"https:\/\/preko-shop.be\/wp-content\/uploads\/2020\/03\/cropped-logo_preko_0-5.png","contentUrl":"https:\/\/preko-shop.be\/wp-content\/uploads\/2020\/03\/cropped-logo_preko_0-5.png","width":842,"height":232,"caption":"Caf\u00e9s Preko"},"image":{"@id":"https:\/\/preko-shop.be\/#\/schema\/logo\/image\/"},"sameAs":["https:\/\/www.facebook.com\/CafesPreko","https:\/\/www.instagram.com\/cafespreko\/?hl=fr"]}]}},"_links":{"self":[{"href":"https:\/\/preko-shop.be\/index.php\/wp-json\/wp\/v2\/pages\/7","targetHints":{"allow":["GET"]}}],"collection":[{"href":"https:\/\/preko-shop.be\/index.php\/wp-json\/wp\/v2\/pages"}],"about":[{"href":"https:\/\/preko-shop.be\/index.php\/wp-json\/wp\/v2\/types\/page"}],"author":[{"embeddable":true,"href":"https:\/\/preko-shop.be\/index.php\/wp-json\/wp\/v2\/users\/1"}],"replies":[{"embeddable":true,"href":"https:\/\/preko-shop.be\/index.php\/wp-json\/wp\/v2\/comments?post=7"}],"version-history":[{"count":4,"href":"https:\/\/preko-shop.be\/index.php\/wp-json\/wp\/v2\/pages\/7\/revisions"}],"predecessor-version":[{"id":431,"href":"https:\/\/preko-shop.be\/index.php\/wp-json\/wp\/v2\/pages\/7\/revisions\/431"}],"wp:attachment":[{"href":"https:\/\/preko-shop.be\/index.php\/wp-json\/wp\/v2\/media?parent=7"}],"curies":[{"name":"wp","href":"https:\/\/api.w.org\/{rel}","templated":true}]}}